{"id":22274,"date":"2026-04-05T09:21:34","date_gmt":"2026-04-05T07:21:34","guid":{"rendered":"https:\/\/www.automobilia-atelier.de\/?post_type=product&#038;p=22274"},"modified":"2026-04-05T09:23:59","modified_gmt":"2026-04-05T07:23:59","slug":"1969-volant-collaudo-personnel-bmw-porsche-ferrari-kopie-2","status":"publish","type":"product","link":"https:\/\/www.automobilia-atelier.de\/fr\/produkt\/1969-volant-collaudo-personnel-bmw-porsche-ferrari-kopie-2\/","title":{"rendered":"Volant personnel \u00ab&nbsp;Emerson Fittipaldi&nbsp;\u00bb des ann\u00e9es 1980"},"content":{"rendered":"<p><strong>Fabricant :<\/strong> Personnel \/ Nardi<br \/>\n<strong>Diam\u00e8tre :<\/strong> 350 mm<br \/>\n<strong>Date de production :<\/strong> environ 1980<br \/>\n<strong>\u00c9tat :<\/strong> voir photos d\u00e9taill\u00e9es<br \/>\n<strong>Compatibilit\u00e9&nbsp;:<\/strong> Entraxe = 6&#215;74 mm \u2013 Peut \u00eatre mont\u00e9 sur de nombreux v\u00e9hicules \u00e9quip\u00e9s du moyeu appropri\u00e9. Le moyeu de montage pr\u00e9sent\u00e9 est d\u00e9fectueux \u2013 \u00e0 titre indicatif uniquement. <\/p>\n<p><b>Remarque :<\/b> cet article ne peut \u00eatre install\u00e9 que par du personnel qualifi\u00e9.<\/p>\n","protected":false},"excerpt":{"rendered":"<p>Fabricant : Personnel \/ Nardi Diam\u00e8tre : 350 mm Date de production : environ 1980 \u00c9tat : voir photos d\u00e9taill\u00e9es Compatibilit\u00e9&nbsp;: Entraxe = 6&#215;74 mm \u2013 Peut \u00eatre mont\u00e9 sur de nombreux v\u00e9hicules \u00e9quip\u00e9s du moyeu appropri\u00e9. Le moyeu de montage pr\u00e9sent\u00e9 est d\u00e9fectueux \u2013 \u00e0 titre indicatif uniquement. Remarque : cet article ne peut &hellip; <a href=\"https:\/\/www.automobilia-atelier.de\/fr\/produkt\/1969-volant-collaudo-personnel-bmw-porsche-ferrari-kopie-2\/\" class=\"more-link\">Continuer \u00e0 lire <span class=\"screen-reader-text\">Volant personnel \u00ab&nbsp;Emerson Fittipaldi&nbsp;\u00bb des ann\u00e9es 1980<\/span> <span class=\"meta-nav\">\u2192<\/span><\/a><\/p>\n","protected":false},"featured_media":22305,"template":"","meta":{"inline_featured_image":false,"_monsterinsights_skip_tracking":false,"_monsterinsights_sitenote_active":false,"_monsterinsights_sitenote_note":"","_monsterinsights_sitenote_category":0},"product_brand":[],"product_cat":[244,236,237,245],"product_tag":[],"class_list":{"0":"post-22274","1":"product","2":"type-product","3":"status-publish","4":"has-post-thumbnail","6":"product_cat-nardi-personal-fr-2","7":"product_cat-pieces-de-vehicules-classiques","8":"product_cat-volants","9":"product_cat-volants-en-cuir","11":"first","12":"instock","13":"sold-individually","14":"purchasable","15":"product-type-simple"},"yoast_head":"<!-- This site is optimized with the Yoast SEO plugin v24.7 - https:\/\/yoast.com\/wordpress\/plugins\/seo\/ -->\n<title>Volant personnel \u00ab&nbsp;Emerson Fittipaldi&nbsp;\u00bb des ann\u00e9es 1980 -<\/title>\n<meta name=\"robots\" content=\"index, follow, max-snippet:-1, max-image-preview:large, max-video-preview:-1\" \/>\n<link rel=\"canonical\" href=\"https:\/\/www.automobilia-atelier.de\/fr\/produkt\/1969-volant-collaudo-personnel-bmw-porsche-ferrari-kopie-2\/\" \/>\n<meta property=\"og:locale\" content=\"fr_FR\" \/>\n<meta property=\"og:type\" content=\"article\" \/>\n<meta property=\"og:title\" content=\"Volant personnel \u00ab&nbsp;Emerson Fittipaldi&nbsp;\u00bb des ann\u00e9es 1980 -\" \/>\n<meta property=\"og:description\" content=\"Fabricant : Personnel \/ Nardi Diam\u00e8tre : 350 mm Date de production : environ 1980 \u00c9tat : voir photos d\u00e9taill\u00e9es Compatibilit\u00e9&nbsp;: Entraxe = 6&#215;74 mm \u2013 Peut \u00eatre mont\u00e9 sur de nombreux v\u00e9hicules \u00e9quip\u00e9s du moyeu appropri\u00e9. Le moyeu de montage pr\u00e9sent\u00e9 est d\u00e9fectueux \u2013 \u00e0 titre indicatif uniquement. Remarque : cet article ne peut &hellip; Continuer \u00e0 lire Volant personnel \u00ab&nbsp;Emerson Fittipaldi&nbsp;\u00bb des ann\u00e9es 1980 \u2192\" \/>\n<meta property=\"og:url\" content=\"https:\/\/www.automobilia-atelier.de\/fr\/produkt\/1969-volant-collaudo-personnel-bmw-porsche-ferrari-kopie-2\/\" \/>\n<meta property=\"article:modified_time\" content=\"2026-04-05T07:23:59+00:00\" \/>\n<meta property=\"og:image\" content=\"https:\/\/www.automobilia-atelier.de\/wp-content\/uploads\/2026\/04\/DSC0190-scaled.jpg\" \/>\n\t<meta property=\"og:image:width\" content=\"2400\" \/>\n\t<meta property=\"og:image:height\" content=\"1600\" \/>\n\t<meta property=\"og:image:type\" content=\"image\/jpeg\" \/>\n<meta name=\"twitter:card\" content=\"summary_large_image\" \/>\n<script type=\"application\/ld+json\" class=\"yoast-schema-graph\">{\"@context\":\"https:\/\/schema.org\",\"@graph\":[{\"@type\":\"WebPage\",\"@id\":\"https:\/\/www.automobilia-atelier.de\/fr\/produkt\/1969-volant-collaudo-personnel-bmw-porsche-ferrari-kopie-2\/\",\"url\":\"https:\/\/www.automobilia-atelier.de\/fr\/produkt\/1969-volant-collaudo-personnel-bmw-porsche-ferrari-kopie-2\/\",\"name\":\"Volant personnel \u00ab&nbsp;Emerson Fittipaldi&nbsp;\u00bb des ann\u00e9es 1980 -\",\"isPartOf\":{\"@id\":\"https:\/\/www.automobilia-atelier.de\/fr\/#website\"},\"primaryImageOfPage\":{\"@id\":\"https:\/\/www.automobilia-atelier.de\/fr\/produkt\/1969-volant-collaudo-personnel-bmw-porsche-ferrari-kopie-2\/#primaryimage\"},\"image\":{\"@id\":\"https:\/\/www.automobilia-atelier.de\/fr\/produkt\/1969-volant-collaudo-personnel-bmw-porsche-ferrari-kopie-2\/#primaryimage\"},\"thumbnailUrl\":\"https:\/\/www.automobilia-atelier.de\/wp-content\/uploads\/2026\/04\/DSC0190-2-scaled.jpg\",\"datePublished\":\"2026-04-05T07:21:34+00:00\",\"dateModified\":\"2026-04-05T07:23:59+00:00\",\"breadcrumb\":{\"@id\":\"https:\/\/www.automobilia-atelier.de\/fr\/produkt\/1969-volant-collaudo-personnel-bmw-porsche-ferrari-kopie-2\/#breadcrumb\"},\"inLanguage\":\"fr-FR\",\"potentialAction\":[{\"@type\":\"ReadAction\",\"target\":[\"https:\/\/www.automobilia-atelier.de\/fr\/produkt\/1969-volant-collaudo-personnel-bmw-porsche-ferrari-kopie-2\/\"]}]},{\"@type\":\"ImageObject\",\"inLanguage\":\"fr-FR\",\"@id\":\"https:\/\/www.automobilia-atelier.de\/fr\/produkt\/1969-volant-collaudo-personnel-bmw-porsche-ferrari-kopie-2\/#primaryimage\",\"url\":\"https:\/\/www.automobilia-atelier.de\/wp-content\/uploads\/2026\/04\/DSC0190-2-scaled.jpg\",\"contentUrl\":\"https:\/\/www.automobilia-atelier.de\/wp-content\/uploads\/2026\/04\/DSC0190-2-scaled.jpg\",\"width\":2400,\"height\":1600},{\"@type\":\"BreadcrumbList\",\"@id\":\"https:\/\/www.automobilia-atelier.de\/fr\/produkt\/1969-volant-collaudo-personnel-bmw-porsche-ferrari-kopie-2\/#breadcrumb\",\"itemListElement\":[{\"@type\":\"ListItem\",\"position\":1,\"name\":\"Startseite\",\"item\":\"https:\/\/www.automobilia-atelier.de\/fr\/\"},{\"@type\":\"ListItem\",\"position\":2,\"name\":\"Produits\",\"item\":\"https:\/\/www.automobilia-atelier.de\/fr\/shop\/\"},{\"@type\":\"ListItem\",\"position\":3,\"name\":\"Volant personnel \u00ab&nbsp;Emerson Fittipaldi&nbsp;\u00bb des ann\u00e9es 1980\"}]},{\"@type\":\"WebSite\",\"@id\":\"https:\/\/www.automobilia-atelier.de\/fr\/#website\",\"url\":\"https:\/\/www.automobilia-atelier.de\/fr\/\",\"name\":\"\",\"description\":\"\",\"potentialAction\":[{\"@type\":\"SearchAction\",\"target\":{\"@type\":\"EntryPoint\",\"urlTemplate\":\"https:\/\/www.automobilia-atelier.de\/fr\/?s={search_term_string}\"},\"query-input\":{\"@type\":\"PropertyValueSpecification\",\"valueRequired\":true,\"valueName\":\"search_term_string\"}}],\"inLanguage\":\"fr-FR\"}]}<\/script>\n<!-- \/ Yoast SEO plugin. -->","yoast_head_json":{"title":"Volant personnel \u00ab&nbsp;Emerson Fittipaldi&nbsp;\u00bb des ann\u00e9es 1980 -","robots":{"index":"index","follow":"follow","max-snippet":"max-snippet:-1","max-image-preview":"max-image-preview:large","max-video-preview":"max-video-preview:-1"},"canonical":"https:\/\/www.automobilia-atelier.de\/fr\/produkt\/1969-volant-collaudo-personnel-bmw-porsche-ferrari-kopie-2\/","og_locale":"fr_FR","og_type":"article","og_title":"Volant personnel \u00ab&nbsp;Emerson Fittipaldi&nbsp;\u00bb des ann\u00e9es 1980 -","og_description":"Fabricant : Personnel \/ Nardi Diam\u00e8tre : 350 mm Date de production : environ 1980 \u00c9tat : voir photos d\u00e9taill\u00e9es Compatibilit\u00e9&nbsp;: Entraxe = 6&#215;74 mm \u2013 Peut \u00eatre mont\u00e9 sur de nombreux v\u00e9hicules \u00e9quip\u00e9s du moyeu appropri\u00e9. Le moyeu de montage pr\u00e9sent\u00e9 est d\u00e9fectueux \u2013 \u00e0 titre indicatif uniquement. Remarque : cet article ne peut &hellip; Continuer \u00e0 lire Volant personnel \u00ab&nbsp;Emerson Fittipaldi&nbsp;\u00bb des ann\u00e9es 1980 \u2192","og_url":"https:\/\/www.automobilia-atelier.de\/fr\/produkt\/1969-volant-collaudo-personnel-bmw-porsche-ferrari-kopie-2\/","article_modified_time":"2026-04-05T07:23:59+00:00","og_image":[{"width":2400,"height":1600,"url":"https:\/\/www.automobilia-atelier.de\/wp-content\/uploads\/2026\/04\/DSC0190-scaled.jpg","type":"image\/jpeg"}],"twitter_card":"summary_large_image","schema":{"@context":"https:\/\/schema.org","@graph":[{"@type":"WebPage","@id":"https:\/\/www.automobilia-atelier.de\/fr\/produkt\/1969-volant-collaudo-personnel-bmw-porsche-ferrari-kopie-2\/","url":"https:\/\/www.automobilia-atelier.de\/fr\/produkt\/1969-volant-collaudo-personnel-bmw-porsche-ferrari-kopie-2\/","name":"Volant personnel \u00ab&nbsp;Emerson Fittipaldi&nbsp;\u00bb des ann\u00e9es 1980 -","isPartOf":{"@id":"https:\/\/www.automobilia-atelier.de\/fr\/#website"},"primaryImageOfPage":{"@id":"https:\/\/www.automobilia-atelier.de\/fr\/produkt\/1969-volant-collaudo-personnel-bmw-porsche-ferrari-kopie-2\/#primaryimage"},"image":{"@id":"https:\/\/www.automobilia-atelier.de\/fr\/produkt\/1969-volant-collaudo-personnel-bmw-porsche-ferrari-kopie-2\/#primaryimage"},"thumbnailUrl":"https:\/\/www.automobilia-atelier.de\/wp-content\/uploads\/2026\/04\/DSC0190-2-scaled.jpg","datePublished":"2026-04-05T07:21:34+00:00","dateModified":"2026-04-05T07:23:59+00:00","breadcrumb":{"@id":"https:\/\/www.automobilia-atelier.de\/fr\/produkt\/1969-volant-collaudo-personnel-bmw-porsche-ferrari-kopie-2\/#breadcrumb"},"inLanguage":"fr-FR","potentialAction":[{"@type":"ReadAction","target":["https:\/\/www.automobilia-atelier.de\/fr\/produkt\/1969-volant-collaudo-personnel-bmw-porsche-ferrari-kopie-2\/"]}]},{"@type":"ImageObject","inLanguage":"fr-FR","@id":"https:\/\/www.automobilia-atelier.de\/fr\/produkt\/1969-volant-collaudo-personnel-bmw-porsche-ferrari-kopie-2\/#primaryimage","url":"https:\/\/www.automobilia-atelier.de\/wp-content\/uploads\/2026\/04\/DSC0190-2-scaled.jpg","contentUrl":"https:\/\/www.automobilia-atelier.de\/wp-content\/uploads\/2026\/04\/DSC0190-2-scaled.jpg","width":2400,"height":1600},{"@type":"BreadcrumbList","@id":"https:\/\/www.automobilia-atelier.de\/fr\/produkt\/1969-volant-collaudo-personnel-bmw-porsche-ferrari-kopie-2\/#breadcrumb","itemListElement":[{"@type":"ListItem","position":1,"name":"Startseite","item":"https:\/\/www.automobilia-atelier.de\/fr\/"},{"@type":"ListItem","position":2,"name":"Produits","item":"https:\/\/www.automobilia-atelier.de\/fr\/shop\/"},{"@type":"ListItem","position":3,"name":"Volant personnel \u00ab&nbsp;Emerson Fittipaldi&nbsp;\u00bb des ann\u00e9es 1980"}]},{"@type":"WebSite","@id":"https:\/\/www.automobilia-atelier.de\/fr\/#website","url":"https:\/\/www.automobilia-atelier.de\/fr\/","name":"","description":"","potentialAction":[{"@type":"SearchAction","target":{"@type":"EntryPoint","urlTemplate":"https:\/\/www.automobilia-atelier.de\/fr\/?s={search_term_string}"},"query-input":{"@type":"PropertyValueSpecification","valueRequired":true,"valueName":"search_term_string"}}],"inLanguage":"fr-FR"}]}},"jetpack_sharing_enabled":true,"_links":{"self":[{"href":"https:\/\/www.automobilia-atelier.de\/fr\/wp-json\/wp\/v2\/product\/22274","targetHints":{"allow":["GET"]}}],"collection":[{"href":"https:\/\/www.automobilia-atelier.de\/fr\/wp-json\/wp\/v2\/product"}],"about":[{"href":"https:\/\/www.automobilia-atelier.de\/fr\/wp-json\/wp\/v2\/types\/product"}],"wp:featuredmedia":[{"embeddable":true,"href":"https:\/\/www.automobilia-atelier.de\/fr\/wp-json\/wp\/v2\/media\/22305"}],"wp:attachment":[{"href":"https:\/\/www.automobilia-atelier.de\/fr\/wp-json\/wp\/v2\/media?parent=22274"}],"wp:term":[{"taxonomy":"product_brand","embeddable":true,"href":"https:\/\/www.automobilia-atelier.de\/fr\/wp-json\/wp\/v2\/product_brand?post=22274"},{"taxonomy":"product_cat","embeddable":true,"href":"https:\/\/www.automobilia-atelier.de\/fr\/wp-json\/wp\/v2\/product_cat?post=22274"},{"taxonomy":"product_tag","embeddable":true,"href":"https:\/\/www.automobilia-atelier.de\/fr\/wp-json\/wp\/v2\/product_tag?post=22274"}],"curies":[{"name":"wp","href":"https:\/\/api.w.org\/{rel}","templated":true}]}}