{"id":22416,"date":"2026-04-10T08:51:02","date_gmt":"2026-04-10T06:51:02","guid":{"rendered":"https:\/\/www.automobilia-atelier.de\/?post_type=product&#038;p=22416"},"modified":"2026-04-10T08:53:50","modified_gmt":"2026-04-10T06:53:50","slug":"edition-signature-du-volant-momo-mario-andretti-des-annees-1980-kopie-2","status":"publish","type":"product","link":"https:\/\/www.automobilia-atelier.de\/fr\/produkt\/edition-signature-du-volant-momo-mario-andretti-des-annees-1980-kopie-2\/","title":{"rendered":"Volant MOMO 1980&prime; Innocenti De Tomaso"},"content":{"rendered":"<p><strong>Fabricant :<\/strong> MOMO<br \/>\n<strong>Diam\u00e8tre :<\/strong> 380 mm<br \/>\n<strong>Date de production :<\/strong> mai 1980<br \/>\n<strong>\u00c9tat :<\/strong> voir photos d\u00e9taill\u00e9es<br \/>\n<strong>Ajuster:<\/strong><\/p>\n<ul>\n<li>Austin Allegro<\/li>\n<li>Austin, Italie<\/li>\n<li>Marina d&rsquo;Austin<\/li>\n<li>Austin Princess<\/li>\n<li>Innocenti Mini<\/li>\n<li>Innocenti De Tomaso<\/li>\n<li>Triumph TR7<\/li>\n<li>Triumph TR8<\/li>\n<\/ul>\n<p><b>Remarque :<\/b> cet article ne peut \u00eatre install\u00e9 que par du personnel qualifi\u00e9.<\/p>\n<p>&nbsp;<\/p>\n","protected":false},"excerpt":{"rendered":"<p>Fabricant : MOMO Diam\u00e8tre : 380 mm Date de production : mai 1980 \u00c9tat : voir photos d\u00e9taill\u00e9es Ajuster: Austin Allegro Austin, Italie Marina d&rsquo;Austin Austin Princess Innocenti Mini Innocenti De Tomaso Triumph TR7 Triumph TR8 Remarque : cet article ne peut \u00eatre install\u00e9 que par du personnel qualifi\u00e9. &nbsp;<\/p>\n","protected":false},"featured_media":22419,"template":"","meta":{"inline_featured_image":false,"_monsterinsights_skip_tracking":false,"_monsterinsights_sitenote_active":false,"_monsterinsights_sitenote_note":"","_monsterinsights_sitenote_category":0},"product_brand":[],"product_cat":[239,236,237,255],"product_tag":[],"class_list":{"0":"post-22416","1":"product","2":"type-product","3":"status-publish","4":"has-post-thumbnail","6":"product_cat-momo-fr","7":"product_cat-pieces-de-vehicules-classiques","8":"product_cat-volants","9":"product_cat-volants-en-cuir-fr","11":"first","12":"instock","13":"sold-individually","14":"purchasable","15":"product-type-simple"},"yoast_head":"<!-- This site is optimized with the Yoast SEO plugin v24.7 - https:\/\/yoast.com\/wordpress\/plugins\/seo\/ -->\n<title>Volant MOMO 1980&#039; Innocenti De Tomaso -<\/title>\n<meta name=\"robots\" content=\"index, follow, max-snippet:-1, max-image-preview:large, max-video-preview:-1\" \/>\n<link rel=\"canonical\" href=\"https:\/\/www.automobilia-atelier.de\/fr\/produkt\/edition-signature-du-volant-momo-mario-andretti-des-annees-1980-kopie-2\/\" \/>\n<meta property=\"og:locale\" content=\"fr_FR\" \/>\n<meta property=\"og:type\" content=\"article\" \/>\n<meta property=\"og:title\" content=\"Volant MOMO 1980&#039; Innocenti De Tomaso -\" \/>\n<meta property=\"og:description\" content=\"Fabricant : MOMO Diam\u00e8tre : 380 mm Date de production : mai 1980 \u00c9tat : voir photos d\u00e9taill\u00e9es Ajuster: Austin Allegro Austin, Italie Marina d&rsquo;Austin Austin Princess Innocenti Mini Innocenti De Tomaso Triumph TR7 Triumph TR8 Remarque : cet article ne peut \u00eatre install\u00e9 que par du personnel qualifi\u00e9. &nbsp;\" \/>\n<meta property=\"og:url\" content=\"https:\/\/www.automobilia-atelier.de\/fr\/produkt\/edition-signature-du-volant-momo-mario-andretti-des-annees-1980-kopie-2\/\" \/>\n<meta property=\"article:modified_time\" content=\"2026-04-10T06:53:50+00:00\" \/>\n<meta property=\"og:image\" content=\"https:\/\/www.automobilia-atelier.de\/wp-content\/uploads\/2026\/04\/DSC0266-scaled.jpg\" \/>\n\t<meta property=\"og:image:width\" content=\"2400\" \/>\n\t<meta property=\"og:image:height\" content=\"1600\" \/>\n\t<meta property=\"og:image:type\" content=\"image\/jpeg\" \/>\n<meta name=\"twitter:card\" content=\"summary_large_image\" \/>\n<script type=\"application\/ld+json\" class=\"yoast-schema-graph\">{\"@context\":\"https:\/\/schema.org\",\"@graph\":[{\"@type\":\"WebPage\",\"@id\":\"https:\/\/www.automobilia-atelier.de\/fr\/produkt\/edition-signature-du-volant-momo-mario-andretti-des-annees-1980-kopie-2\/\",\"url\":\"https:\/\/www.automobilia-atelier.de\/fr\/produkt\/edition-signature-du-volant-momo-mario-andretti-des-annees-1980-kopie-2\/\",\"name\":\"Volant MOMO 1980' Innocenti De Tomaso -\",\"isPartOf\":{\"@id\":\"https:\/\/www.automobilia-atelier.de\/fr\/#website\"},\"primaryImageOfPage\":{\"@id\":\"https:\/\/www.automobilia-atelier.de\/fr\/produkt\/edition-signature-du-volant-momo-mario-andretti-des-annees-1980-kopie-2\/#primaryimage\"},\"image\":{\"@id\":\"https:\/\/www.automobilia-atelier.de\/fr\/produkt\/edition-signature-du-volant-momo-mario-andretti-des-annees-1980-kopie-2\/#primaryimage\"},\"thumbnailUrl\":\"https:\/\/www.automobilia-atelier.de\/wp-content\/uploads\/2026\/04\/DSC0266-scaled.jpg\",\"datePublished\":\"2026-04-10T06:51:02+00:00\",\"dateModified\":\"2026-04-10T06:53:50+00:00\",\"breadcrumb\":{\"@id\":\"https:\/\/www.automobilia-atelier.de\/fr\/produkt\/edition-signature-du-volant-momo-mario-andretti-des-annees-1980-kopie-2\/#breadcrumb\"},\"inLanguage\":\"fr-FR\",\"potentialAction\":[{\"@type\":\"ReadAction\",\"target\":[\"https:\/\/www.automobilia-atelier.de\/fr\/produkt\/edition-signature-du-volant-momo-mario-andretti-des-annees-1980-kopie-2\/\"]}]},{\"@type\":\"ImageObject\",\"inLanguage\":\"fr-FR\",\"@id\":\"https:\/\/www.automobilia-atelier.de\/fr\/produkt\/edition-signature-du-volant-momo-mario-andretti-des-annees-1980-kopie-2\/#primaryimage\",\"url\":\"https:\/\/www.automobilia-atelier.de\/wp-content\/uploads\/2026\/04\/DSC0266-scaled.jpg\",\"contentUrl\":\"https:\/\/www.automobilia-atelier.de\/wp-content\/uploads\/2026\/04\/DSC0266-scaled.jpg\",\"width\":2400,\"height\":1600},{\"@type\":\"BreadcrumbList\",\"@id\":\"https:\/\/www.automobilia-atelier.de\/fr\/produkt\/edition-signature-du-volant-momo-mario-andretti-des-annees-1980-kopie-2\/#breadcrumb\",\"itemListElement\":[{\"@type\":\"ListItem\",\"position\":1,\"name\":\"Startseite\",\"item\":\"https:\/\/www.automobilia-atelier.de\/fr\/\"},{\"@type\":\"ListItem\",\"position\":2,\"name\":\"Produits\",\"item\":\"https:\/\/www.automobilia-atelier.de\/fr\/shop\/\"},{\"@type\":\"ListItem\",\"position\":3,\"name\":\"Volant MOMO 1980&prime; Innocenti De Tomaso\"}]},{\"@type\":\"WebSite\",\"@id\":\"https:\/\/www.automobilia-atelier.de\/fr\/#website\",\"url\":\"https:\/\/www.automobilia-atelier.de\/fr\/\",\"name\":\"\",\"description\":\"\",\"potentialAction\":[{\"@type\":\"SearchAction\",\"target\":{\"@type\":\"EntryPoint\",\"urlTemplate\":\"https:\/\/www.automobilia-atelier.de\/fr\/?s={search_term_string}\"},\"query-input\":{\"@type\":\"PropertyValueSpecification\",\"valueRequired\":true,\"valueName\":\"search_term_string\"}}],\"inLanguage\":\"fr-FR\"}]}<\/script>\n<!-- \/ Yoast SEO plugin. -->","yoast_head_json":{"title":"Volant MOMO 1980' Innocenti De Tomaso -","robots":{"index":"index","follow":"follow","max-snippet":"max-snippet:-1","max-image-preview":"max-image-preview:large","max-video-preview":"max-video-preview:-1"},"canonical":"https:\/\/www.automobilia-atelier.de\/fr\/produkt\/edition-signature-du-volant-momo-mario-andretti-des-annees-1980-kopie-2\/","og_locale":"fr_FR","og_type":"article","og_title":"Volant MOMO 1980' Innocenti De Tomaso -","og_description":"Fabricant : MOMO Diam\u00e8tre : 380 mm Date de production : mai 1980 \u00c9tat : voir photos d\u00e9taill\u00e9es Ajuster: Austin Allegro Austin, Italie Marina d&rsquo;Austin Austin Princess Innocenti Mini Innocenti De Tomaso Triumph TR7 Triumph TR8 Remarque : cet article ne peut \u00eatre install\u00e9 que par du personnel qualifi\u00e9. &nbsp;","og_url":"https:\/\/www.automobilia-atelier.de\/fr\/produkt\/edition-signature-du-volant-momo-mario-andretti-des-annees-1980-kopie-2\/","article_modified_time":"2026-04-10T06:53:50+00:00","og_image":[{"width":2400,"height":1600,"url":"https:\/\/www.automobilia-atelier.de\/wp-content\/uploads\/2026\/04\/DSC0266-scaled.jpg","type":"image\/jpeg"}],"twitter_card":"summary_large_image","schema":{"@context":"https:\/\/schema.org","@graph":[{"@type":"WebPage","@id":"https:\/\/www.automobilia-atelier.de\/fr\/produkt\/edition-signature-du-volant-momo-mario-andretti-des-annees-1980-kopie-2\/","url":"https:\/\/www.automobilia-atelier.de\/fr\/produkt\/edition-signature-du-volant-momo-mario-andretti-des-annees-1980-kopie-2\/","name":"Volant MOMO 1980' Innocenti De Tomaso -","isPartOf":{"@id":"https:\/\/www.automobilia-atelier.de\/fr\/#website"},"primaryImageOfPage":{"@id":"https:\/\/www.automobilia-atelier.de\/fr\/produkt\/edition-signature-du-volant-momo-mario-andretti-des-annees-1980-kopie-2\/#primaryimage"},"image":{"@id":"https:\/\/www.automobilia-atelier.de\/fr\/produkt\/edition-signature-du-volant-momo-mario-andretti-des-annees-1980-kopie-2\/#primaryimage"},"thumbnailUrl":"https:\/\/www.automobilia-atelier.de\/wp-content\/uploads\/2026\/04\/DSC0266-scaled.jpg","datePublished":"2026-04-10T06:51:02+00:00","dateModified":"2026-04-10T06:53:50+00:00","breadcrumb":{"@id":"https:\/\/www.automobilia-atelier.de\/fr\/produkt\/edition-signature-du-volant-momo-mario-andretti-des-annees-1980-kopie-2\/#breadcrumb"},"inLanguage":"fr-FR","potentialAction":[{"@type":"ReadAction","target":["https:\/\/www.automobilia-atelier.de\/fr\/produkt\/edition-signature-du-volant-momo-mario-andretti-des-annees-1980-kopie-2\/"]}]},{"@type":"ImageObject","inLanguage":"fr-FR","@id":"https:\/\/www.automobilia-atelier.de\/fr\/produkt\/edition-signature-du-volant-momo-mario-andretti-des-annees-1980-kopie-2\/#primaryimage","url":"https:\/\/www.automobilia-atelier.de\/wp-content\/uploads\/2026\/04\/DSC0266-scaled.jpg","contentUrl":"https:\/\/www.automobilia-atelier.de\/wp-content\/uploads\/2026\/04\/DSC0266-scaled.jpg","width":2400,"height":1600},{"@type":"BreadcrumbList","@id":"https:\/\/www.automobilia-atelier.de\/fr\/produkt\/edition-signature-du-volant-momo-mario-andretti-des-annees-1980-kopie-2\/#breadcrumb","itemListElement":[{"@type":"ListItem","position":1,"name":"Startseite","item":"https:\/\/www.automobilia-atelier.de\/fr\/"},{"@type":"ListItem","position":2,"name":"Produits","item":"https:\/\/www.automobilia-atelier.de\/fr\/shop\/"},{"@type":"ListItem","position":3,"name":"Volant MOMO 1980&prime; Innocenti De Tomaso"}]},{"@type":"WebSite","@id":"https:\/\/www.automobilia-atelier.de\/fr\/#website","url":"https:\/\/www.automobilia-atelier.de\/fr\/","name":"","description":"","potentialAction":[{"@type":"SearchAction","target":{"@type":"EntryPoint","urlTemplate":"https:\/\/www.automobilia-atelier.de\/fr\/?s={search_term_string}"},"query-input":{"@type":"PropertyValueSpecification","valueRequired":true,"valueName":"search_term_string"}}],"inLanguage":"fr-FR"}]}},"jetpack_sharing_enabled":true,"_links":{"self":[{"href":"https:\/\/www.automobilia-atelier.de\/fr\/wp-json\/wp\/v2\/product\/22416","targetHints":{"allow":["GET"]}}],"collection":[{"href":"https:\/\/www.automobilia-atelier.de\/fr\/wp-json\/wp\/v2\/product"}],"about":[{"href":"https:\/\/www.automobilia-atelier.de\/fr\/wp-json\/wp\/v2\/types\/product"}],"wp:featuredmedia":[{"embeddable":true,"href":"https:\/\/www.automobilia-atelier.de\/fr\/wp-json\/wp\/v2\/media\/22419"}],"wp:attachment":[{"href":"https:\/\/www.automobilia-atelier.de\/fr\/wp-json\/wp\/v2\/media?parent=22416"}],"wp:term":[{"taxonomy":"product_brand","embeddable":true,"href":"https:\/\/www.automobilia-atelier.de\/fr\/wp-json\/wp\/v2\/product_brand?post=22416"},{"taxonomy":"product_cat","embeddable":true,"href":"https:\/\/www.automobilia-atelier.de\/fr\/wp-json\/wp\/v2\/product_cat?post=22416"},{"taxonomy":"product_tag","embeddable":true,"href":"https:\/\/www.automobilia-atelier.de\/fr\/wp-json\/wp\/v2\/product_tag?post=22416"}],"curies":[{"name":"wp","href":"https:\/\/api.w.org\/{rel}","templated":true}]}}