{"id":14740,"date":"2019-08-08T22:31:32","date_gmt":"2019-08-08T20:31:32","guid":{"rendered":"https:\/\/www.automobilia-atelier.de\/impronta\/"},"modified":"2025-04-21T15:40:21","modified_gmt":"2025-04-21T13:40:21","slug":"impronta","status":"publish","type":"page","link":"https:\/\/www.automobilia-atelier.de\/it\/impronta\/","title":{"rendered":"impronta"},"content":{"rendered":"<h2 class=\"wp-block-heading\">Informazioni ai sensi del \u00a7 5 TMG<\/h2><p>Marius L\u00f6wenstein<\/p><p>Via Christian-Seb.-Schmidt-Str. 22<\/p><p>56112 Lahnstein<\/p><p>Germania<\/p><p><\/p><h2 class=\"wp-block-heading\">contatto<\/h2><p>Telefono: 0152 04828224<\/p><p>E-mail: info@automobilia-atelier.de<\/p><p>  Partita IVA: DE 326801818<\/p><h2 class=\"wp-block-heading\">Risoluzione delle controversie<\/h2><p>La Commissione europea mette a disposizione una piattaforma per la risoluzione delle controversie online (ODR): <a href=\"https:\/\/ec.europa.eu\/consumers\/odr\" target=\"_blank\" rel=\"noreferrer noopener\">https:\/\/ec.europa.eu\/consumers\/odr<\/a> .<br\/> Il nostro indirizzo e-mail lo trovi qui sopra nelle note legali.<\/p><p>Non siamo disposti n\u00e9 obbligati a partecipare a procedimenti di risoluzione delle controversie dinanzi a un collegio arbitrale dei consumatori.<\/p><h3 class=\"wp-block-heading\">Responsabilit\u00e0 per i contenuti<\/h3><p>In qualit\u00e0 di fornitore di servizi siamo responsabili dei nostri contenuti su queste pagine ai sensi del \u00a7 7 (1) della legge tedesca sui telemedia (TMG). Tuttavia, ai sensi dei \u00a7\u00a7 da 8 a 10 della legge tedesca sui telemedia (TMG), in qualit\u00e0 di fornitori di servizi non siamo tenuti a monitorare le informazioni di terzi trasmesse o memorizzate, n\u00e9 a indagare su circostanze che indicano un&#8217;attivit\u00e0 illegale.  <\/p><p>Restano impregiudicati gli obblighi di rimozione o blocco dell&#8217;uso delle informazioni previsti dalla legge generale. Tuttavia, una responsabilit\u00e0 in tal senso \u00e8 possibile solo a partire dal momento in cui si viene a conoscenza di una concreta violazione della legge. Qualora venissimo a conoscenza di tali violazioni della legge, rimuoveremo immediatamente tali contenuti.  <\/p><h3 class=\"wp-block-heading\">Responsabilit\u00e0 per i link<\/h3><p>La nostra offerta contiene link a siti web esterni di terze parti sui cui contenuti non abbiamo alcuna influenza. Pertanto non possiamo assumerci alcuna responsabilit\u00e0 per questi contenuti esterni. Per i contenuti delle pagine collegate \u00e8 sempre responsabile il rispettivo fornitore o gestore delle pagine. Al momento del collegamento \u00e8 stata verificata la presenza di possibili violazioni legali nelle pagine collegate. Al momento del collegamento non erano riconoscibili contenuti illegali.    <\/p><p>Tuttavia, un controllo permanente del contenuto delle pagine collegate non \u00e8 ragionevole senza prove concrete di una violazione della legge. Qualora venissimo a conoscenza di violazioni legali, rimuoveremo immediatamente tali link. <\/p><h3 class=\"wp-block-heading\">copyright<\/h3><p>I contenuti e le opere presenti su queste pagine, creati dai gestori del sito, sono soggetti al diritto d&#8217;autore tedesco. La riproduzione, l&#8217;elaborazione, la distribuzione e qualsiasi tipo di sfruttamento al di fuori dei limiti del diritto d&#8217;autore necessitano del consenso scritto del rispettivo autore o creatore. I download e le copie di questo sito sono consentiti solo per uso privato e non commerciale.  <\/p><p>Nella misura in cui i contenuti di questo sito non sono stati creati dal gestore, vengono rispettati i diritti d&#8217;autore di terzi. In particolare, i contenuti di terze parti vengono contrassegnati come tali. Se tuttavia doveste venire a conoscenza di una violazione del copyright, vi preghiamo di segnalarcelo. Qualora venissimo a conoscenza di eventuali violazioni legali, rimuoveremo immediatamente tali contenuti.   <\/p><div class=\"woocommerce woocommerce-gzd woocommerce-gzd-complaints-shortcode\">\n\t\t\t<h3>Risoluzione alternativa delle controversie ai sensi dell&#039;art. 14 (1) ODR-VO e \u00a7 36 VSBG:<\/h3>\n\t\n<p>Wir sind bereit, an einem au\u00dfergerichtlichen Schlichtungsverfahren teilzunehmen.<\/p>\n<\/div>","protected":false},"excerpt":{"rendered":"<p>Informazioni ai sensi del \u00a7 5 TMG Marius L\u00f6wenstein Via Christian-Seb.-Schmidt-Str. 22 56112 Lahnstein Germania contatto Telefono: 0152 04828224 E-mail: info@automobilia-atelier.de Partita IVA: DE 326801818 Risoluzione delle controversie La Commissione europea mette a disposizione una piattaforma per la risoluzione delle controversie online (ODR): https:\/\/ec.europa.eu\/consumers\/odr . Il nostro indirizzo e-mail lo trovi qui sopra nelle note &hellip; <a href=\"https:\/\/www.automobilia-atelier.de\/it\/impronta\/\" class=\"more-link\">Continua a leggere <span class=\"screen-reader-text\">impronta<\/span> <span class=\"meta-nav\">\u2192<\/span><\/a><\/p>\n","protected":false},"author":1,"featured_media":0,"parent":0,"menu_order":0,"comment_status":"closed","ping_status":"closed","template":"","meta":{"inline_featured_image":false,"_monsterinsights_skip_tracking":false,"_monsterinsights_sitenote_active":false,"_monsterinsights_sitenote_note":"","_monsterinsights_sitenote_category":0,"footnotes":""},"class_list":["post-14740","page","type-page","status-publish","hentry"],"yoast_head":"<!-- This site is optimized with the Yoast SEO plugin v24.7 - https:\/\/yoast.com\/wordpress\/plugins\/seo\/ -->\n<title>impronta -<\/title>\n<meta name=\"robots\" content=\"index, follow, max-snippet:-1, max-image-preview:large, max-video-preview:-1\" \/>\n<link rel=\"canonical\" href=\"https:\/\/www.automobilia-atelier.de\/it\/impronta\/\" \/>\n<meta property=\"og:locale\" content=\"it_IT\" \/>\n<meta property=\"og:type\" content=\"article\" \/>\n<meta property=\"og:title\" content=\"impronta -\" \/>\n<meta property=\"og:description\" content=\"Informazioni ai sensi del \u00a7 5 TMG Marius L\u00f6wenstein Via Christian-Seb.-Schmidt-Str. 22 56112 Lahnstein Germania contatto Telefono: 0152 04828224 E-mail: info@automobilia-atelier.de Partita IVA: DE 326801818 Risoluzione delle controversie La Commissione europea mette a disposizione una piattaforma per la risoluzione delle controversie online (ODR): https:\/\/ec.europa.eu\/consumers\/odr . Il nostro indirizzo e-mail lo trovi qui sopra nelle note &hellip; Continua a leggere impronta \u2192\" \/>\n<meta property=\"og:url\" content=\"https:\/\/www.automobilia-atelier.de\/it\/impronta\/\" \/>\n<meta property=\"article:modified_time\" content=\"2025-04-21T13:40:21+00:00\" \/>\n<meta name=\"twitter:card\" content=\"summary_large_image\" \/>\n<meta name=\"twitter:label1\" content=\"Tempo di lettura stimato\" \/>\n\t<meta name=\"twitter:data1\" content=\"2 minuti\" \/>\n<script type=\"application\/ld+json\" class=\"yoast-schema-graph\">{\"@context\":\"https:\/\/schema.org\",\"@graph\":[{\"@type\":\"WebPage\",\"@id\":\"https:\/\/www.automobilia-atelier.de\/it\/impronta\/\",\"url\":\"https:\/\/www.automobilia-atelier.de\/it\/impronta\/\",\"name\":\"impronta -\",\"isPartOf\":{\"@id\":\"https:\/\/www.automobilia-atelier.de\/it\/#website\"},\"datePublished\":\"2019-08-08T20:31:32+00:00\",\"dateModified\":\"2025-04-21T13:40:21+00:00\",\"breadcrumb\":{\"@id\":\"https:\/\/www.automobilia-atelier.de\/it\/impronta\/#breadcrumb\"},\"inLanguage\":\"it-IT\",\"potentialAction\":[{\"@type\":\"ReadAction\",\"target\":[\"https:\/\/www.automobilia-atelier.de\/it\/impronta\/\"]}]},{\"@type\":\"BreadcrumbList\",\"@id\":\"https:\/\/www.automobilia-atelier.de\/it\/impronta\/#breadcrumb\",\"itemListElement\":[{\"@type\":\"ListItem\",\"position\":1,\"name\":\"Startseite\",\"item\":\"https:\/\/www.automobilia-atelier.de\/it\/\"},{\"@type\":\"ListItem\",\"position\":2,\"name\":\"impronta\"}]},{\"@type\":\"WebSite\",\"@id\":\"https:\/\/www.automobilia-atelier.de\/it\/#website\",\"url\":\"https:\/\/www.automobilia-atelier.de\/it\/\",\"name\":\"\",\"description\":\"\",\"potentialAction\":[{\"@type\":\"SearchAction\",\"target\":{\"@type\":\"EntryPoint\",\"urlTemplate\":\"https:\/\/www.automobilia-atelier.de\/it\/?s={search_term_string}\"},\"query-input\":{\"@type\":\"PropertyValueSpecification\",\"valueRequired\":true,\"valueName\":\"search_term_string\"}}],\"inLanguage\":\"it-IT\"}]}<\/script>\n<!-- \/ Yoast SEO plugin. -->","yoast_head_json":{"title":"impronta -","robots":{"index":"index","follow":"follow","max-snippet":"max-snippet:-1","max-image-preview":"max-image-preview:large","max-video-preview":"max-video-preview:-1"},"canonical":"https:\/\/www.automobilia-atelier.de\/it\/impronta\/","og_locale":"it_IT","og_type":"article","og_title":"impronta -","og_description":"Informazioni ai sensi del \u00a7 5 TMG Marius L\u00f6wenstein Via Christian-Seb.-Schmidt-Str. 22 56112 Lahnstein Germania contatto Telefono: 0152 04828224 E-mail: info@automobilia-atelier.de Partita IVA: DE 326801818 Risoluzione delle controversie La Commissione europea mette a disposizione una piattaforma per la risoluzione delle controversie online (ODR): https:\/\/ec.europa.eu\/consumers\/odr . Il nostro indirizzo e-mail lo trovi qui sopra nelle note &hellip; Continua a leggere impronta \u2192","og_url":"https:\/\/www.automobilia-atelier.de\/it\/impronta\/","article_modified_time":"2025-04-21T13:40:21+00:00","twitter_card":"summary_large_image","twitter_misc":{"Tempo di lettura stimato":"2 minuti"},"schema":{"@context":"https:\/\/schema.org","@graph":[{"@type":"WebPage","@id":"https:\/\/www.automobilia-atelier.de\/it\/impronta\/","url":"https:\/\/www.automobilia-atelier.de\/it\/impronta\/","name":"impronta -","isPartOf":{"@id":"https:\/\/www.automobilia-atelier.de\/it\/#website"},"datePublished":"2019-08-08T20:31:32+00:00","dateModified":"2025-04-21T13:40:21+00:00","breadcrumb":{"@id":"https:\/\/www.automobilia-atelier.de\/it\/impronta\/#breadcrumb"},"inLanguage":"it-IT","potentialAction":[{"@type":"ReadAction","target":["https:\/\/www.automobilia-atelier.de\/it\/impronta\/"]}]},{"@type":"BreadcrumbList","@id":"https:\/\/www.automobilia-atelier.de\/it\/impronta\/#breadcrumb","itemListElement":[{"@type":"ListItem","position":1,"name":"Startseite","item":"https:\/\/www.automobilia-atelier.de\/it\/"},{"@type":"ListItem","position":2,"name":"impronta"}]},{"@type":"WebSite","@id":"https:\/\/www.automobilia-atelier.de\/it\/#website","url":"https:\/\/www.automobilia-atelier.de\/it\/","name":"","description":"","potentialAction":[{"@type":"SearchAction","target":{"@type":"EntryPoint","urlTemplate":"https:\/\/www.automobilia-atelier.de\/it\/?s={search_term_string}"},"query-input":{"@type":"PropertyValueSpecification","valueRequired":true,"valueName":"search_term_string"}}],"inLanguage":"it-IT"}]}},"jetpack_sharing_enabled":true,"_links":{"self":[{"href":"https:\/\/www.automobilia-atelier.de\/it\/wp-json\/wp\/v2\/pages\/14740","targetHints":{"allow":["GET"]}}],"collection":[{"href":"https:\/\/www.automobilia-atelier.de\/it\/wp-json\/wp\/v2\/pages"}],"about":[{"href":"https:\/\/www.automobilia-atelier.de\/it\/wp-json\/wp\/v2\/types\/page"}],"author":[{"embeddable":true,"href":"https:\/\/www.automobilia-atelier.de\/it\/wp-json\/wp\/v2\/users\/1"}],"replies":[{"embeddable":true,"href":"https:\/\/www.automobilia-atelier.de\/it\/wp-json\/wp\/v2\/comments?post=14740"}],"version-history":[{"count":1,"href":"https:\/\/www.automobilia-atelier.de\/it\/wp-json\/wp\/v2\/pages\/14740\/revisions"}],"predecessor-version":[{"id":14741,"href":"https:\/\/www.automobilia-atelier.de\/it\/wp-json\/wp\/v2\/pages\/14740\/revisions\/14741"}],"wp:attachment":[{"href":"https:\/\/www.automobilia-atelier.de\/it\/wp-json\/wp\/v2\/media?parent=14740"}],"curies":[{"name":"wp","href":"https:\/\/api.w.org\/{rel}","templated":true}]}}