{"id":14748,"date":"2020-09-12T10:54:19","date_gmt":"2020-09-12T08:54:19","guid":{"rendered":"https:\/\/www.automobilia-atelier.de\/politica-di-cancellazione\/"},"modified":"2025-04-21T15:40:33","modified_gmt":"2025-04-21T13:40:33","slug":"politica-di-cancellazione","status":"publish","type":"page","link":"https:\/\/www.automobilia-atelier.de\/it\/politica-di-cancellazione\/","title":{"rendered":"Politica di cancellazione"},"content":{"rendered":"<h1 class=\"wp-block-heading\">Politica di cancellazione e modulo di cancellazione<\/h1><p>I consumatori hanno diritto di recesso in base alle seguenti disposizioni, laddove per consumatore si intende qualsiasi persona fisica che conclude un negozio giuridico per scopi che non possono essere prevalentemente attribuiti n\u00e9 alla sua attivit\u00e0 commerciale n\u00e9 alla sua attivit\u00e0 professionale autonoma:<\/p><h2 class=\"wp-block-heading\">A. Politica di cancellazione<\/h2><h3 class=\"wp-block-heading\">Diritto di recesso<\/h3><p>Lei ha il diritto di recedere dal presente contratto entro quattordici giorni senza indicarne le ragioni.<\/p><p>Il termine di recesso \u00e8 di quattordici giorni a partire dal giorno in cui Lei o un terzo, diverso dal vettore da Lei designato, acquisisce il possesso fisico dell&#8217;ultimo bene.<\/p><p>Per esercitare il diritto di recesso, \u00e8 necessario informarci (Marius L\u00f6wenstein, Christian-Seb.-Schmidt-Str.22, 56112 Lahnstein, Germania, Tel.: 015204828224, E-mail: info@automobilia-atelier.de) della decisione di recedere dal presente contratto tramite una dichiarazione esplicita (ad esempio lettera inviata per posta o e-mail). A tale scopo \u00e8 possibile utilizzare il modulo di recesso tipo allegato, sebbene non sia obbligatorio. <\/p><p>Per rispettare il termine di recesso \u00e8 sufficiente che Lei invii la comunicazione relativa all&#8217;esercizio del diritto di recesso prima della scadenza del periodo di recesso.<\/p><h3 class=\"wp-block-heading\">Conseguenze della revoca<\/h3><p>Se Lei recede dal presente contratto, Le saranno rimborsati tutti i pagamenti che abbiamo ricevuto da Lei, compresi i costi di consegna (ad eccezione dei costi supplementari derivanti dalla Sua eventuale scelta di un tipo di consegna diverso dal tipo standard pi\u00f9 economico da noi offerto), tempestivamente e in ogni caso non oltre quattordici giorni dal giorno in cui ci \u00e8 pervenuta la comunicazione della Sua revoca del presente contratto. Per questo rimborso utilizzeremo lo stesso mezzo di pagamento da te impiegato per la transazione originale, salvo che tu non abbia espressamente concordato diversamente; In nessun caso ti verranno addebitate commissioni per questo rimborso. Potremmo rifiutarci di effettuare il rimborso finch\u00e9 non avremo ricevuto indietro la merce o finch\u00e9 non avrai fornito la prova di aver restituito la merce, a seconda di quale evento si verifichi per primo.  <\/p><p>\u00c8 necessario restituirci o consegnarci i beni immediatamente e in ogni caso entro quattordici giorni dal giorno in cui ci \u00e8 stata comunicata la revoca del presente contratto. Il termine \u00e8 rispettato se rispedisci la merce prima della scadenza del periodo di quattordici giorni. <\/p><p>I costi diretti della restituzione dei beni saranno a tuo carico.<\/p><p>Dovrai rispondere dell&#8217;eventuale perdita di valore dei beni solo se tale perdita di valore \u00e8 dovuta a una manipolazione dei beni non necessaria per verificarne la qualit\u00e0, le propriet\u00e0 e il funzionamento.<\/p><h2 class=\"wp-block-heading\">B. Modulo di recesso<\/h2><p>Se desideri recedere dal contratto, compila questo modulo e restituiscilo.<\/p><p>A<\/p><p>Marius L\u00f6wenstein<br\/> Via Christian-Seb.-Schmidt-Str. 22<br\/> 56112 Lahnstein<br\/> Germania<br\/> E-mail: info@automobilia-atelier.de<\/p><p>Con la presente io\/noi (*) revoco\/revochiamo il contratto da me\/noi (*) concluso per l&#8217;acquisto dei seguenti beni (*)\/la fornitura del seguente servizio (*)<\/p><p>_______________________________________________________<\/p><p>_______________________________________________________<\/p><p>Ordinato il (*) ___________ \/ ricevuto il (*) __________________<\/p><p>__________________________________________________________<br\/> Nome del\/dei consumatore\/i<\/p><p>__________________________________________________________<br\/> Indirizzo del\/dei consumatore\/i<\/p><p>__________________________________________________________<br\/> Firma del\/dei consumatore\/i (solo se la notifica \u00e8 effettuata su carta)<\/p><p>_________________________<br\/> Data<\/p><p>(*) Cancellare la voce che non interessa<\/p>","protected":false},"excerpt":{"rendered":"<p>Politica di cancellazione e modulo di cancellazione I consumatori hanno diritto di recesso in base alle seguenti disposizioni, laddove per consumatore si intende qualsiasi persona fisica che conclude un negozio giuridico per scopi che non possono essere prevalentemente attribuiti n\u00e9 alla sua attivit\u00e0 commerciale n\u00e9 alla sua attivit\u00e0 professionale autonoma: A. Politica di cancellazione Diritto &hellip; <a href=\"https:\/\/www.automobilia-atelier.de\/it\/politica-di-cancellazione\/\" class=\"more-link\">Continua a leggere <span class=\"screen-reader-text\">Politica di cancellazione<\/span> <span class=\"meta-nav\">\u2192<\/span><\/a><\/p>\n","protected":false},"author":1,"featured_media":0,"parent":0,"menu_order":0,"comment_status":"closed","ping_status":"closed","template":"","meta":{"inline_featured_image":false,"_monsterinsights_skip_tracking":false,"_monsterinsights_sitenote_active":false,"_monsterinsights_sitenote_note":"","_monsterinsights_sitenote_category":0,"footnotes":""},"class_list":["post-14748","page","type-page","status-publish","hentry"],"yoast_head":"<!-- This site is optimized with the Yoast SEO plugin v24.7 - https:\/\/yoast.com\/wordpress\/plugins\/seo\/ -->\n<title>Politica di cancellazione -<\/title>\n<meta name=\"robots\" content=\"index, follow, max-snippet:-1, max-image-preview:large, max-video-preview:-1\" \/>\n<link rel=\"canonical\" href=\"https:\/\/www.automobilia-atelier.de\/it\/politica-di-cancellazione\/\" \/>\n<meta property=\"og:locale\" content=\"it_IT\" \/>\n<meta property=\"og:type\" content=\"article\" \/>\n<meta property=\"og:title\" content=\"Politica di cancellazione -\" \/>\n<meta property=\"og:description\" content=\"Politica di cancellazione e modulo di cancellazione I consumatori hanno diritto di recesso in base alle seguenti disposizioni, laddove per consumatore si intende qualsiasi persona fisica che conclude un negozio giuridico per scopi che non possono essere prevalentemente attribuiti n\u00e9 alla sua attivit\u00e0 commerciale n\u00e9 alla sua attivit\u00e0 professionale autonoma: A. Politica di cancellazione Diritto &hellip; Continua a leggere Politica di cancellazione \u2192\" \/>\n<meta property=\"og:url\" content=\"https:\/\/www.automobilia-atelier.de\/it\/politica-di-cancellazione\/\" \/>\n<meta property=\"article:modified_time\" content=\"2025-04-21T13:40:33+00:00\" \/>\n<meta name=\"twitter:card\" content=\"summary_large_image\" \/>\n<meta name=\"twitter:label1\" content=\"Tempo di lettura stimato\" \/>\n\t<meta name=\"twitter:data1\" content=\"2 minuti\" \/>\n<script type=\"application\/ld+json\" class=\"yoast-schema-graph\">{\"@context\":\"https:\/\/schema.org\",\"@graph\":[{\"@type\":\"WebPage\",\"@id\":\"https:\/\/www.automobilia-atelier.de\/it\/politica-di-cancellazione\/\",\"url\":\"https:\/\/www.automobilia-atelier.de\/it\/politica-di-cancellazione\/\",\"name\":\"Politica di cancellazione -\",\"isPartOf\":{\"@id\":\"https:\/\/www.automobilia-atelier.de\/it\/#website\"},\"datePublished\":\"2020-09-12T08:54:19+00:00\",\"dateModified\":\"2025-04-21T13:40:33+00:00\",\"breadcrumb\":{\"@id\":\"https:\/\/www.automobilia-atelier.de\/it\/politica-di-cancellazione\/#breadcrumb\"},\"inLanguage\":\"it-IT\",\"potentialAction\":[{\"@type\":\"ReadAction\",\"target\":[\"https:\/\/www.automobilia-atelier.de\/it\/politica-di-cancellazione\/\"]}]},{\"@type\":\"BreadcrumbList\",\"@id\":\"https:\/\/www.automobilia-atelier.de\/it\/politica-di-cancellazione\/#breadcrumb\",\"itemListElement\":[{\"@type\":\"ListItem\",\"position\":1,\"name\":\"Startseite\",\"item\":\"https:\/\/www.automobilia-atelier.de\/it\/\"},{\"@type\":\"ListItem\",\"position\":2,\"name\":\"Politica di cancellazione\"}]},{\"@type\":\"WebSite\",\"@id\":\"https:\/\/www.automobilia-atelier.de\/it\/#website\",\"url\":\"https:\/\/www.automobilia-atelier.de\/it\/\",\"name\":\"\",\"description\":\"\",\"potentialAction\":[{\"@type\":\"SearchAction\",\"target\":{\"@type\":\"EntryPoint\",\"urlTemplate\":\"https:\/\/www.automobilia-atelier.de\/it\/?s={search_term_string}\"},\"query-input\":{\"@type\":\"PropertyValueSpecification\",\"valueRequired\":true,\"valueName\":\"search_term_string\"}}],\"inLanguage\":\"it-IT\"}]}<\/script>\n<!-- \/ Yoast SEO plugin. -->","yoast_head_json":{"title":"Politica di cancellazione -","robots":{"index":"index","follow":"follow","max-snippet":"max-snippet:-1","max-image-preview":"max-image-preview:large","max-video-preview":"max-video-preview:-1"},"canonical":"https:\/\/www.automobilia-atelier.de\/it\/politica-di-cancellazione\/","og_locale":"it_IT","og_type":"article","og_title":"Politica di cancellazione -","og_description":"Politica di cancellazione e modulo di cancellazione I consumatori hanno diritto di recesso in base alle seguenti disposizioni, laddove per consumatore si intende qualsiasi persona fisica che conclude un negozio giuridico per scopi che non possono essere prevalentemente attribuiti n\u00e9 alla sua attivit\u00e0 commerciale n\u00e9 alla sua attivit\u00e0 professionale autonoma: A. Politica di cancellazione Diritto &hellip; Continua a leggere Politica di cancellazione \u2192","og_url":"https:\/\/www.automobilia-atelier.de\/it\/politica-di-cancellazione\/","article_modified_time":"2025-04-21T13:40:33+00:00","twitter_card":"summary_large_image","twitter_misc":{"Tempo di lettura stimato":"2 minuti"},"schema":{"@context":"https:\/\/schema.org","@graph":[{"@type":"WebPage","@id":"https:\/\/www.automobilia-atelier.de\/it\/politica-di-cancellazione\/","url":"https:\/\/www.automobilia-atelier.de\/it\/politica-di-cancellazione\/","name":"Politica di cancellazione -","isPartOf":{"@id":"https:\/\/www.automobilia-atelier.de\/it\/#website"},"datePublished":"2020-09-12T08:54:19+00:00","dateModified":"2025-04-21T13:40:33+00:00","breadcrumb":{"@id":"https:\/\/www.automobilia-atelier.de\/it\/politica-di-cancellazione\/#breadcrumb"},"inLanguage":"it-IT","potentialAction":[{"@type":"ReadAction","target":["https:\/\/www.automobilia-atelier.de\/it\/politica-di-cancellazione\/"]}]},{"@type":"BreadcrumbList","@id":"https:\/\/www.automobilia-atelier.de\/it\/politica-di-cancellazione\/#breadcrumb","itemListElement":[{"@type":"ListItem","position":1,"name":"Startseite","item":"https:\/\/www.automobilia-atelier.de\/it\/"},{"@type":"ListItem","position":2,"name":"Politica di cancellazione"}]},{"@type":"WebSite","@id":"https:\/\/www.automobilia-atelier.de\/it\/#website","url":"https:\/\/www.automobilia-atelier.de\/it\/","name":"","description":"","potentialAction":[{"@type":"SearchAction","target":{"@type":"EntryPoint","urlTemplate":"https:\/\/www.automobilia-atelier.de\/it\/?s={search_term_string}"},"query-input":{"@type":"PropertyValueSpecification","valueRequired":true,"valueName":"search_term_string"}}],"inLanguage":"it-IT"}]}},"jetpack_sharing_enabled":true,"_links":{"self":[{"href":"https:\/\/www.automobilia-atelier.de\/it\/wp-json\/wp\/v2\/pages\/14748","targetHints":{"allow":["GET"]}}],"collection":[{"href":"https:\/\/www.automobilia-atelier.de\/it\/wp-json\/wp\/v2\/pages"}],"about":[{"href":"https:\/\/www.automobilia-atelier.de\/it\/wp-json\/wp\/v2\/types\/page"}],"author":[{"embeddable":true,"href":"https:\/\/www.automobilia-atelier.de\/it\/wp-json\/wp\/v2\/users\/1"}],"replies":[{"embeddable":true,"href":"https:\/\/www.automobilia-atelier.de\/it\/wp-json\/wp\/v2\/comments?post=14748"}],"version-history":[{"count":1,"href":"https:\/\/www.automobilia-atelier.de\/it\/wp-json\/wp\/v2\/pages\/14748\/revisions"}],"predecessor-version":[{"id":14749,"href":"https:\/\/www.automobilia-atelier.de\/it\/wp-json\/wp\/v2\/pages\/14748\/revisions\/14749"}],"wp:attachment":[{"href":"https:\/\/www.automobilia-atelier.de\/it\/wp-json\/wp\/v2\/media?parent=14748"}],"curies":[{"name":"wp","href":"https:\/\/api.w.org\/{rel}","templated":true}]}}