{"id":14754,"date":"2020-09-05T11:57:11","date_gmt":"2020-09-05T09:57:11","guid":{"rendered":"https:\/\/www.automobilia-atelier.de\/termini-e-condizioni\/"},"modified":"2025-04-21T15:40:33","modified_gmt":"2025-04-21T13:40:33","slug":"termini-e-condizioni","status":"publish","type":"page","link":"https:\/\/www.automobilia-atelier.de\/it\/termini-e-condizioni\/","title":{"rendered":"Termini e Condizioni"},"content":{"rendered":"<h1 class=\"wp-block-heading\">Termini e condizioni generali con informazioni per i clienti<\/h1><h2 class=\"wp-block-heading\">Sommario<\/h2><ol class=\"wp-block-list\"><li>Ambito<\/li><li>Conclusione del contratto<\/li><li>Diritto di recesso<\/li><li>Prezzi e condizioni di pagamento<\/li><li>Condizioni di consegna e spedizione<\/li><li>Riserva di propriet\u00e0<\/li><li>Responsabilit\u00e0 per difetti (garanzia)<\/li><li>Legge applicabile<\/li><li>Risoluzione alternativa delle controversie<\/li><\/ol><h2 class=\"wp-block-heading\">1) Ambito di applicazione<\/h2><p><strong>1.1<\/strong> Le presenti Condizioni Generali di Contratto (di seguito &#8220;CGC&#8221;) di Marius L\u00f6wenstein, attiva sotto la denominazione commerciale &#8220;Automobilia Atelier&#8221; (di seguito &#8220;Venditore&#8221;), si applicano a tutti i contratti di fornitura di beni che un consumatore o un imprenditore (di seguito &#8220;Cliente&#8221;) conclude con il Venditore in relazione ai beni presentati dal Venditore nel suo negozio online. L&#8217;inclusione di termini e condizioni propri del cliente \u00e8 respinta, salvo diverso accordo. <\/p><p><strong>1.2<\/strong> Ai sensi delle presenti Condizioni Generali, per consumatore si intende qualsiasi persona fisica che conclude un negozio giuridico per scopi che non possono essere attribuiti n\u00e9 alla sua attivit\u00e0 commerciale n\u00e9 alla sua attivit\u00e0 professionale autonoma. Un imprenditore ai sensi delle presenti Condizioni Generali \u00e8 una persona fisica o giuridica oppure una societ\u00e0 di persone con capacit\u00e0 giuridica che, nel concludere un negozio giuridico, agisce nell&#8217;esercizio della propria attivit\u00e0 commerciale o professionale autonoma. <\/p><h2 class=\"wp-block-heading\">2) Conclusione del contratto<\/h2><p><strong>2.1<\/strong> Le descrizioni dei prodotti contenute nel negozio online del Venditore non costituiscono offerte vincolanti da parte del Venditore, bens\u00ec servono a presentare un&#8217;offerta vincolante da parte del Cliente.<\/p><p><strong>2.2<\/strong> Il cliente pu\u00f2 inviare l\u2019offerta tramite il modulo d\u2019ordine online integrato nel negozio online del venditore. Dopo aver inserito la merce selezionata nel carrello virtuale e aver completato la procedura di ordinazione elettronica, il cliente, cliccando sul pulsante con cui si conclude la procedura di ordinazione, sottopone un&#8217;offerta contrattuale giuridicamente vincolante relativamente alla merce contenuta nel carrello. Inoltre, il cliente pu\u00f2 inviare l&#8217;offerta al venditore anche telefonicamente, via e-mail oppure tramite il modulo di contatto online.  <\/p><p><strong>2.3<\/strong> Il Venditore pu\u00f2 accettare l\u2019offerta del Cliente entro cinque giorni,<\/p><ul class=\"wp-block-list\"><li>inviando al cliente una conferma d&#8217;ordine scritta o una conferma d&#8217;ordine in forma di testo (fax o e-mail), fermo restando che \u00e8 determinante il ricevimento della conferma d&#8217;ordine da parte del cliente, oppure<\/li><li>consegnando la merce ordinata al cliente, laddove \u00e8 determinante il ricevimento della merce da parte del cliente, oppure<\/li><li>richiedendo il pagamento al cliente dopo aver effettuato l&#8217;ordine.<\/li><\/ul><p>Se sussistono pi\u00f9 delle alternative sopra menzionate, il contratto \u00e8 concluso nel momento in cui una delle alternative sopra menzionate si verifica per prima. Il termine per l&#8217;accettazione dell&#8217;offerta decorre dal giorno successivo all&#8217;invio dell&#8217;offerta da parte del cliente e termina allo scadere del quinto giorno successivo all&#8217;invio dell&#8217;offerta. Se il venditore non accetta l&#8217;offerta del cliente entro il termine sopra indicato, ci\u00f2 sar\u00e0 considerato un rifiuto dell&#8217;offerta con la conseguenza che il cliente non \u00e8 pi\u00f9 vincolato alla sua dichiarazione di volont\u00e0.  <\/p><p><strong>2.4<\/strong>Se si seleziona un metodo di pagamento offerto da PayPal, il pagamento verr\u00e0 elaborato dal fornitore di servizi di pagamento PayPal (Europe) S.\u00e0 rl et Cie, SCA, 22-24 Boulevard Royal, L-2449 Lussemburgo (di seguito: &#8220;PayPal&#8221;), soggetto alle Condizioni d&#8217;uso di PayPal, disponibili all&#8217;indirizzo https:\/\/www.paypal.com\/de\/webapps\/mpp\/ua\/useragreement-full o \u2013 se il cliente non dispone di un account PayPal \u2013 soggetto ai termini e condizioni per i pagamenti senza un account PayPal, disponibili all&#8217;indirizzo https:\/\/www.paypal.com\/de\/webapps\/mpp\/ua\/privacywax-full. Se il cliente paga tramite un metodo di pagamento offerto da PayPal, selezionabile durante la procedura di ordinazione online, il venditore dichiara di accettare l&#8217;offerta del cliente nel momento in cui il cliente clicca sul pulsante che conclude la procedura di ordinazione.<\/p><p><strong>2.5<\/strong> In caso di presentazione di un&#8217;offerta tramite il modulo d&#8217;ordine online del Venditore, il testo del contratto verr\u00e0 salvato dal Venditore dopo la conclusione del contratto e inviato al Cliente in forma di testo (ad esempio e-mail, fax o lettera) dopo l&#8217;invio dell&#8217;ordine da parte del Cliente. Il venditore non render\u00e0 disponibile il testo del contratto oltre questo termine. Se il cliente ha creato un account utente nel negozio online del venditore prima di inviare l&#8217;ordine, i dati dell&#8217;ordine verranno archiviati sul sito web del venditore e potranno essere consultati gratuitamente dal cliente tramite il suo account utente protetto da password, inserendo i dati di accesso corrispondenti.  <\/p><p><strong>2.6<\/strong> Prima di inoltrare un ordine vincolante tramite il modulo d\u2019ordine online del Venditore, il Cliente pu\u00f2 individuare eventuali errori di inserimento leggendo attentamente le informazioni visualizzate sullo schermo. Un mezzo tecnico efficace per rilevare meglio gli errori di immissione pu\u00f2 essere la funzione di ingrandimento del browser, che ingrandisce la visualizzazione sullo schermo. Durante la procedura di ordinazione elettronica, il cliente pu\u00f2 correggere i dati immessi utilizzando le consuete funzioni della tastiera e del mouse, finch\u00e9 non clicca sul pulsante con cui si conclude la procedura di ordinazione.  <\/p><p><strong>2.7<\/strong> Per la conclusione del contratto sono disponibili le lingue tedesca e inglese.<\/p><p><strong>2.8<\/strong> L&#8217;elaborazione degli ordini e il contatto avvengono generalmente tramite e-mail e tramite elaborazione automatizzata degli ordini. Il cliente deve assicurarsi che l&#8217;indirizzo e-mail fornito per l&#8217;elaborazione dell&#8217;ordine sia corretto, affinch\u00e9 le e-mail inviate dal venditore possano essere ricevute a questo indirizzo. In particolare, in caso di utilizzo di filtri SPAM, il cliente deve assicurarsi che tutte le e-mail inviate dal venditore o da terzi incaricati dal venditore per l&#8217;elaborazione dell&#8217;ordine possano essere recapitate.  <\/p><h2 class=\"wp-block-heading\">3) Diritto di recesso<\/h2><p><strong>3.1<\/strong> In linea generale, i consumatori hanno diritto di recesso.<\/p><p><strong>3.2<\/strong> Ulteriori informazioni sul diritto di recesso sono reperibili nella politica di recesso del venditore.<\/p><h2 class=\"wp-block-heading\">4) Prezzi e condizioni di pagamento<\/h2><p><strong>4.1<\/strong> Salvo quanto diversamente specificato nella descrizione del prodotto del Venditore, i prezzi indicati sono prezzi totali comprensivi di IVA. Eventuali costi aggiuntivi di consegna e spedizione saranno indicati separatamente nella rispettiva descrizione del prodotto. <\/p><p><strong>4.2<\/strong> Le modalit\u00e0 di pagamento saranno comunicate al cliente nel negozio online del venditore.<\/p><p><strong>4.3<\/strong> Se \u00e8 stato concordato un pagamento anticipato tramite bonifico bancario, il pagamento \u00e8 dovuto immediatamente dopo la conclusione del contratto, a meno che le parti non abbiano concordato una data di scadenza successiva.<\/p><h2 class=\"wp-block-heading\">5) Condizioni di consegna e spedizione<\/h2><p><strong>5.1<\/strong> La consegna della merce avviene tramite spedizione all&#8217;indirizzo di consegna indicato dal cliente, salvo diverso accordo. Per l&#8217;elaborazione della transazione \u00e8 determinante l&#8217;indirizzo di consegna specificato dal venditore durante l&#8217;elaborazione dell&#8217;ordine. <\/p><p><strong>5.2<\/strong> Se la consegna della merce non riesce per motivi imputabili al cliente, il cliente dovr\u00e0 farsi carico dei costi ragionevoli sostenuti dal venditore a causa di ci\u00f2. Ci\u00f2 non si applica alle spese di consegna se il cliente esercita effettivamente il suo diritto di recesso. Se il cliente esercita effettivamente il diritto di recesso, le spese di restituzione saranno soggette alle disposizioni della politica di recesso del venditore.  <\/p><p><strong>5.3<\/strong> In caso di ritiro a domicilio, il Venditore informer\u00e0 innanzitutto il Cliente tramite e-mail che la merce da lui ordinata \u00e8 pronta per il ritiro. Dopo aver ricevuto questa e-mail, il cliente potr\u00e0 ritirare la merce presso la sede del venditore, previa consultazione con quest&#8217;ultimo. In questo caso non verranno addebitate spese di spedizione.  <\/p><h2 class=\"wp-block-heading\">6) Riserva di propriet\u00e0<\/h2><p>Se il venditore effettua pagamenti anticipati, egli conserva la propriet\u00e0 della merce consegnata fino al completo pagamento del prezzo di acquisto dovuto.<\/p><h2 class=\"wp-block-heading\">7) Responsabilit\u00e0 per difetti (garanzia)<\/h2><p><strong>7.1<\/strong> Gli articoli sono descritti al meglio delle nostre conoscenze e convinzioni. La descrizione non costituisce una propriet\u00e0 garantita ai sensi dei \u00a7\u00a7 459 e segg. del Codice Civile tedesco (BGB). Salvo diversa indicazione espressa, la funzionalit\u00e0 della merce non \u00e8 stata testata. Sono quindi offerti esclusivamente a scopo collezionistico.      <\/p><p>L&#8217;acquirente \u00e8 tenuto a controllare ed esaminare la merce immediatamente dopo la ricezione. Un&#8217;eventuale consegna sostitutiva potr\u00e0 essere effettuata solo dopo la restituzione della prima merce inviata. La garanzia decade se sulla merce vengono eseguiti lavori da terzi oppure se vengono o sono stati effettuati altri interventi.  <\/p><p><strong>7.2<\/strong> Automobilia Atelier non \u00e8 responsabile per danni causati da merci non testate e cedute, n\u00e9 per l&#8217;idoneit\u00e0 della merce consegnata agli scopi previsti dall&#8217;acquirente, n\u00e9 per danni causati o risultanti da lavorazione, utilizzo o installazione impropria.  <\/p><p>Nei casi consentiti dalla legge, Automobilia Atelier limita la propria responsabilit\u00e0 all&#8217;oggetto della consegna stessa e non \u00e8 pertanto responsabile per danni che non si sono verificati sull&#8217;oggetto della consegna stessa; in particolare, Automobilia Atelier non \u00e8 responsabile per mancati profitti o altre perdite finanziarie subite dall&#8217;acquirente.<\/p><h2 class=\"wp-block-heading\">8) Legge applicabile<\/h2><p>Tutti i rapporti giuridici tra le parti sono regolati dal diritto della Repubblica Federale Tedesca, ad esclusione delle leggi che regolano la vendita internazionale di beni mobili. Nel caso dei consumatori, tale scelta di legge si applica solo nella misura in cui la protezione concessa non sia revocata da disposizioni imperative della legge del paese in cui il consumatore ha la residenza abituale. <\/p><h2 class=\"wp-block-heading\">9) Risoluzione alternativa delle controversie<\/h2><p><strong>9.1<\/strong> La Commissione Europea mette a disposizione una piattaforma per la risoluzione delle controversie online su Internet al seguente link: https:\/\/ec.europa.eu\/consumers\/odr<\/p><p>Questa piattaforma funge da punto di contatto per la risoluzione extragiudiziale delle controversie derivanti da contratti di vendita o di servizi online che coinvolgono un consumatore.<\/p><p><strong>9.2<\/strong> Il Venditore non \u00e8 n\u00e9 obbligato n\u00e9 disposto a partecipare a procedure di risoluzione delle controversie dinanzi a un collegio arbitrale dei consumatori.<\/p><div class=\"woocommerce woocommerce-gzd woocommerce-gzd-complaints-shortcode\">\n\t\t\t<h3>Risoluzione alternativa delle controversie ai sensi dell&#039;art. 14 (1) ODR-VO e \u00a7 36 VSBG:<\/h3>\n\t\n<p>Wir sind bereit, an einem au\u00dfergerichtlichen Schlichtungsverfahren teilzunehmen.<\/p>\n<\/div>","protected":false},"excerpt":{"rendered":"<p>Termini e condizioni generali con informazioni per i clienti Sommario Ambito Conclusione del contratto Diritto di recesso Prezzi e condizioni di pagamento Condizioni di consegna e spedizione Riserva di propriet\u00e0 Responsabilit\u00e0 per difetti (garanzia) Legge applicabile Risoluzione alternativa delle controversie 1) Ambito di applicazione 1.1 Le presenti Condizioni Generali di Contratto (di seguito &#8220;CGC&#8221;) di &hellip; <a href=\"https:\/\/www.automobilia-atelier.de\/it\/termini-e-condizioni\/\" class=\"more-link\">Continua a leggere <span class=\"screen-reader-text\">Termini e Condizioni<\/span> <span class=\"meta-nav\">\u2192<\/span><\/a><\/p>\n","protected":false},"author":1,"featured_media":0,"parent":0,"menu_order":0,"comment_status":"closed","ping_status":"closed","template":"","meta":{"inline_featured_image":false,"_monsterinsights_skip_tracking":false,"_monsterinsights_sitenote_active":false,"_monsterinsights_sitenote_note":"","_monsterinsights_sitenote_category":0,"footnotes":""},"class_list":["post-14754","page","type-page","status-publish","hentry"],"yoast_head":"<!-- This site is optimized with the Yoast SEO plugin v24.7 - https:\/\/yoast.com\/wordpress\/plugins\/seo\/ -->\n<title>Termini e Condizioni -<\/title>\n<meta name=\"robots\" content=\"index, follow, max-snippet:-1, max-image-preview:large, max-video-preview:-1\" \/>\n<link rel=\"canonical\" href=\"https:\/\/www.automobilia-atelier.de\/it\/termini-e-condizioni\/\" \/>\n<meta property=\"og:locale\" content=\"it_IT\" \/>\n<meta property=\"og:type\" content=\"article\" \/>\n<meta property=\"og:title\" content=\"Termini e Condizioni -\" \/>\n<meta property=\"og:description\" content=\"Termini e condizioni generali con informazioni per i clienti Sommario Ambito Conclusione del contratto Diritto di recesso Prezzi e condizioni di pagamento Condizioni di consegna e spedizione Riserva di propriet\u00e0 Responsabilit\u00e0 per difetti (garanzia) Legge applicabile Risoluzione alternativa delle controversie 1) Ambito di applicazione 1.1 Le presenti Condizioni Generali di Contratto (di seguito &#8220;CGC&#8221;) di &hellip; Continua a leggere Termini e Condizioni \u2192\" \/>\n<meta property=\"og:url\" content=\"https:\/\/www.automobilia-atelier.de\/it\/termini-e-condizioni\/\" \/>\n<meta property=\"article:modified_time\" content=\"2025-04-21T13:40:33+00:00\" \/>\n<meta name=\"twitter:card\" content=\"summary_large_image\" \/>\n<meta name=\"twitter:label1\" content=\"Tempo di lettura stimato\" \/>\n\t<meta name=\"twitter:data1\" content=\"7 minuti\" \/>\n<script type=\"application\/ld+json\" class=\"yoast-schema-graph\">{\"@context\":\"https:\/\/schema.org\",\"@graph\":[{\"@type\":\"WebPage\",\"@id\":\"https:\/\/www.automobilia-atelier.de\/it\/termini-e-condizioni\/\",\"url\":\"https:\/\/www.automobilia-atelier.de\/it\/termini-e-condizioni\/\",\"name\":\"Termini e Condizioni -\",\"isPartOf\":{\"@id\":\"https:\/\/www.automobilia-atelier.de\/it\/#website\"},\"datePublished\":\"2020-09-05T09:57:11+00:00\",\"dateModified\":\"2025-04-21T13:40:33+00:00\",\"breadcrumb\":{\"@id\":\"https:\/\/www.automobilia-atelier.de\/it\/termini-e-condizioni\/#breadcrumb\"},\"inLanguage\":\"it-IT\",\"potentialAction\":[{\"@type\":\"ReadAction\",\"target\":[\"https:\/\/www.automobilia-atelier.de\/it\/termini-e-condizioni\/\"]}]},{\"@type\":\"BreadcrumbList\",\"@id\":\"https:\/\/www.automobilia-atelier.de\/it\/termini-e-condizioni\/#breadcrumb\",\"itemListElement\":[{\"@type\":\"ListItem\",\"position\":1,\"name\":\"Startseite\",\"item\":\"https:\/\/www.automobilia-atelier.de\/it\/\"},{\"@type\":\"ListItem\",\"position\":2,\"name\":\"Termini e Condizioni\"}]},{\"@type\":\"WebSite\",\"@id\":\"https:\/\/www.automobilia-atelier.de\/it\/#website\",\"url\":\"https:\/\/www.automobilia-atelier.de\/it\/\",\"name\":\"\",\"description\":\"\",\"potentialAction\":[{\"@type\":\"SearchAction\",\"target\":{\"@type\":\"EntryPoint\",\"urlTemplate\":\"https:\/\/www.automobilia-atelier.de\/it\/?s={search_term_string}\"},\"query-input\":{\"@type\":\"PropertyValueSpecification\",\"valueRequired\":true,\"valueName\":\"search_term_string\"}}],\"inLanguage\":\"it-IT\"}]}<\/script>\n<!-- \/ Yoast SEO plugin. -->","yoast_head_json":{"title":"Termini e Condizioni -","robots":{"index":"index","follow":"follow","max-snippet":"max-snippet:-1","max-image-preview":"max-image-preview:large","max-video-preview":"max-video-preview:-1"},"canonical":"https:\/\/www.automobilia-atelier.de\/it\/termini-e-condizioni\/","og_locale":"it_IT","og_type":"article","og_title":"Termini e Condizioni -","og_description":"Termini e condizioni generali con informazioni per i clienti Sommario Ambito Conclusione del contratto Diritto di recesso Prezzi e condizioni di pagamento Condizioni di consegna e spedizione Riserva di propriet\u00e0 Responsabilit\u00e0 per difetti (garanzia) Legge applicabile Risoluzione alternativa delle controversie 1) Ambito di applicazione 1.1 Le presenti Condizioni Generali di Contratto (di seguito &#8220;CGC&#8221;) di &hellip; Continua a leggere Termini e Condizioni \u2192","og_url":"https:\/\/www.automobilia-atelier.de\/it\/termini-e-condizioni\/","article_modified_time":"2025-04-21T13:40:33+00:00","twitter_card":"summary_large_image","twitter_misc":{"Tempo di lettura stimato":"7 minuti"},"schema":{"@context":"https:\/\/schema.org","@graph":[{"@type":"WebPage","@id":"https:\/\/www.automobilia-atelier.de\/it\/termini-e-condizioni\/","url":"https:\/\/www.automobilia-atelier.de\/it\/termini-e-condizioni\/","name":"Termini e Condizioni -","isPartOf":{"@id":"https:\/\/www.automobilia-atelier.de\/it\/#website"},"datePublished":"2020-09-05T09:57:11+00:00","dateModified":"2025-04-21T13:40:33+00:00","breadcrumb":{"@id":"https:\/\/www.automobilia-atelier.de\/it\/termini-e-condizioni\/#breadcrumb"},"inLanguage":"it-IT","potentialAction":[{"@type":"ReadAction","target":["https:\/\/www.automobilia-atelier.de\/it\/termini-e-condizioni\/"]}]},{"@type":"BreadcrumbList","@id":"https:\/\/www.automobilia-atelier.de\/it\/termini-e-condizioni\/#breadcrumb","itemListElement":[{"@type":"ListItem","position":1,"name":"Startseite","item":"https:\/\/www.automobilia-atelier.de\/it\/"},{"@type":"ListItem","position":2,"name":"Termini e Condizioni"}]},{"@type":"WebSite","@id":"https:\/\/www.automobilia-atelier.de\/it\/#website","url":"https:\/\/www.automobilia-atelier.de\/it\/","name":"","description":"","potentialAction":[{"@type":"SearchAction","target":{"@type":"EntryPoint","urlTemplate":"https:\/\/www.automobilia-atelier.de\/it\/?s={search_term_string}"},"query-input":{"@type":"PropertyValueSpecification","valueRequired":true,"valueName":"search_term_string"}}],"inLanguage":"it-IT"}]}},"jetpack_sharing_enabled":true,"_links":{"self":[{"href":"https:\/\/www.automobilia-atelier.de\/it\/wp-json\/wp\/v2\/pages\/14754","targetHints":{"allow":["GET"]}}],"collection":[{"href":"https:\/\/www.automobilia-atelier.de\/it\/wp-json\/wp\/v2\/pages"}],"about":[{"href":"https:\/\/www.automobilia-atelier.de\/it\/wp-json\/wp\/v2\/types\/page"}],"author":[{"embeddable":true,"href":"https:\/\/www.automobilia-atelier.de\/it\/wp-json\/wp\/v2\/users\/1"}],"replies":[{"embeddable":true,"href":"https:\/\/www.automobilia-atelier.de\/it\/wp-json\/wp\/v2\/comments?post=14754"}],"version-history":[{"count":1,"href":"https:\/\/www.automobilia-atelier.de\/it\/wp-json\/wp\/v2\/pages\/14754\/revisions"}],"predecessor-version":[{"id":14755,"href":"https:\/\/www.automobilia-atelier.de\/it\/wp-json\/wp\/v2\/pages\/14754\/revisions\/14755"}],"wp:attachment":[{"href":"https:\/\/www.automobilia-atelier.de\/it\/wp-json\/wp\/v2\/media?parent=14754"}],"curies":[{"name":"wp","href":"https:\/\/api.w.org\/{rel}","templated":true}]}}