{"id":22577,"date":"2026-04-30T07:57:14","date_gmt":"2026-04-30T05:57:14","guid":{"rendered":"https:\/\/www.automobilia-atelier.de\/chi-siamo-2\/"},"modified":"2026-04-30T08:52:20","modified_gmt":"2026-04-30T06:52:20","slug":"chi-siamo-2","status":"publish","type":"page","link":"https:\/\/www.automobilia-atelier.de\/it\/chi-siamo-2\/","title":{"rendered":"Chi siamo"},"content":{"rendered":"<p><strong>Benvenuti da AUTOMOBILIA ATELIER<\/strong> : il vostro punto di riferimento per automobilia e oggetti da collezione di alta qualit\u00e0 provenienti dal mondo delle auto classiche e della storia del motorsport.<\/p><p>Il nostro studio si trova nel cuore di <strong>Coblenza<\/strong> , in Germania, nelle immediate vicinanze del celebre <strong>N\u00fcrburgring<\/strong> , il leggendario circuito automobilistico. Il nostro motto, <strong>&#8220;Parti di Storia&#8221;,<\/strong> descrive non solo la nostra gamma di prodotti, ma anche la nostra filosofia. Ogni oggetto della nostra collezione \u00e8 pi\u00f9 di un semplice pezzo da collezione; \u00e8 un frammento di storia.  <\/p><p>Con la nostra passione per le automobili e la loro storia, vi offriamo una selezione accuratamente curata di <strong>automobilia<\/strong> rara ed esclusiva che non solo fa battere forte il cuore dei collezionisti, ma funge anche da intramontabile ricordo dell&#8217;epoca d&#8217;oro del motorsport.<\/p><div class=\"wp-block-media-text is-stacked-on-mobile\"><figure class=\"wp-block-media-text__media\"><img loading=\"lazy\" decoding=\"async\" width=\"1024\" height=\"1024\" src=\"https:\/\/www.automobilia-atelier.de\/wp-content\/uploads\/2026\/04\/1-2-1024x1024.jpg\" alt=\"\" class=\"wp-image-22651 size-full\" srcset=\"https:\/\/www.automobilia-atelier.de\/wp-content\/uploads\/2026\/04\/1-2-1024x1024.jpg 1024w, https:\/\/www.automobilia-atelier.de\/wp-content\/uploads\/2026\/04\/1-2-300x300.jpg 300w, https:\/\/www.automobilia-atelier.de\/wp-content\/uploads\/2026\/04\/1-2-150x150.jpg 150w, https:\/\/www.automobilia-atelier.de\/wp-content\/uploads\/2026\/04\/1-2-768x768.jpg 768w, https:\/\/www.automobilia-atelier.de\/wp-content\/uploads\/2026\/04\/1-2-1536x1536.jpg 1536w, https:\/\/www.automobilia-atelier.de\/wp-content\/uploads\/2026\/04\/1-2-2048x2048.jpg 2048w, https:\/\/www.automobilia-atelier.de\/wp-content\/uploads\/2026\/04\/1-2-700x700.jpg 700w, https:\/\/www.automobilia-atelier.de\/wp-content\/uploads\/2026\/04\/1-2-2000x2000.jpg 2000w, https:\/\/www.automobilia-atelier.de\/wp-content\/uploads\/2026\/04\/1-2-100x100.jpg 100w, https:\/\/www.automobilia-atelier.de\/wp-content\/uploads\/2026\/04\/1-2-400x400.jpg 400w, https:\/\/www.automobilia-atelier.de\/wp-content\/uploads\/2026\/04\/1-2-830x830.jpg 830w, https:\/\/www.automobilia-atelier.de\/wp-content\/uploads\/2026\/04\/1-2-894x894.jpg 894w, https:\/\/www.automobilia-atelier.de\/wp-content\/uploads\/2026\/04\/1-2-64x64.jpg 64w\" sizes=\"auto, (max-width: 1024px) 100vw, 1024px\" \/><\/figure><div class=\"wp-block-media-text__content\"><p><strong><strong>AUTOMOBILIA ATELIER<\/strong><\/strong> \u00e8 pi\u00f9 di un semplice studio: \u00e8 la visione e la passione di una mente creativa che vive con un profondo legame con il mondo delle automobili.<\/p>\n\n<p>Nata dall&#8217;idea di <strong>Marius L\u00f6wenstein<\/strong> , animato da un entusiasmo incrollabile per tutto ci\u00f2 che ha le ruote, <strong>AUTOMOBILIA ATELIER<\/strong> \u00e8 diventata un luogo dove storia e innovazione si fondono in modo unico.<\/p><\/div><\/div>","protected":false},"excerpt":{"rendered":"<p>Benvenuti da AUTOMOBILIA ATELIER : il vostro punto di riferimento per automobilia e oggetti da collezione di alta qualit\u00e0 provenienti dal mondo delle auto classiche e della storia del motorsport. Il nostro studio si trova nel cuore di Coblenza , in Germania, nelle immediate vicinanze del celebre N\u00fcrburgring , il leggendario circuito automobilistico. Il nostro &hellip; <a href=\"https:\/\/www.automobilia-atelier.de\/it\/chi-siamo-2\/\" class=\"more-link\">Continua a leggere <span class=\"screen-reader-text\">Chi siamo<\/span> <span class=\"meta-nav\">\u2192<\/span><\/a><\/p>\n","protected":false},"author":1,"featured_media":0,"parent":0,"menu_order":0,"comment_status":"closed","ping_status":"closed","template":"","meta":{"inline_featured_image":false,"_monsterinsights_skip_tracking":false,"_monsterinsights_sitenote_active":false,"_monsterinsights_sitenote_note":"","_monsterinsights_sitenote_category":0,"footnotes":""},"class_list":["post-22577","page","type-page","status-publish","hentry"],"yoast_head":"<!-- This site is optimized with the Yoast SEO plugin v24.7 - https:\/\/yoast.com\/wordpress\/plugins\/seo\/ -->\n<title>Chi siamo -<\/title>\n<meta name=\"robots\" content=\"index, follow, max-snippet:-1, max-image-preview:large, max-video-preview:-1\" \/>\n<link rel=\"canonical\" href=\"https:\/\/www.automobilia-atelier.de\/it\/chi-siamo-2\/\" \/>\n<meta property=\"og:locale\" content=\"it_IT\" \/>\n<meta property=\"og:type\" content=\"article\" \/>\n<meta property=\"og:title\" content=\"Chi siamo -\" \/>\n<meta property=\"og:description\" content=\"Benvenuti da AUTOMOBILIA ATELIER : il vostro punto di riferimento per automobilia e oggetti da collezione di alta qualit\u00e0 provenienti dal mondo delle auto classiche e della storia del motorsport. Il nostro studio si trova nel cuore di Coblenza , in Germania, nelle immediate vicinanze del celebre N\u00fcrburgring , il leggendario circuito automobilistico. Il nostro &hellip; Continua a leggere Chi siamo \u2192\" \/>\n<meta property=\"og:url\" content=\"https:\/\/www.automobilia-atelier.de\/it\/chi-siamo-2\/\" \/>\n<meta property=\"article:modified_time\" content=\"2026-04-30T06:52:20+00:00\" \/>\n<meta property=\"og:image\" content=\"https:\/\/www.automobilia-atelier.de\/wp-content\/uploads\/2026\/04\/1-2-scaled.jpg\" \/>\n\t<meta property=\"og:image:width\" content=\"2400\" \/>\n\t<meta property=\"og:image:height\" content=\"2400\" \/>\n\t<meta property=\"og:image:type\" content=\"image\/jpeg\" \/>\n<meta name=\"twitter:card\" content=\"summary_large_image\" \/>\n<meta name=\"twitter:label1\" content=\"Tempo di lettura stimato\" \/>\n\t<meta name=\"twitter:data1\" content=\"1 minuto\" \/>\n<script type=\"application\/ld+json\" class=\"yoast-schema-graph\">{\"@context\":\"https:\/\/schema.org\",\"@graph\":[{\"@type\":\"WebPage\",\"@id\":\"https:\/\/www.automobilia-atelier.de\/it\/chi-siamo-2\/\",\"url\":\"https:\/\/www.automobilia-atelier.de\/it\/chi-siamo-2\/\",\"name\":\"Chi siamo -\",\"isPartOf\":{\"@id\":\"https:\/\/www.automobilia-atelier.de\/it\/#website\"},\"primaryImageOfPage\":{\"@id\":\"https:\/\/www.automobilia-atelier.de\/it\/chi-siamo-2\/#primaryimage\"},\"image\":{\"@id\":\"https:\/\/www.automobilia-atelier.de\/it\/chi-siamo-2\/#primaryimage\"},\"thumbnailUrl\":\"https:\/\/www.automobilia-atelier.de\/wp-content\/uploads\/2026\/04\/1-2-1024x1024.jpg\",\"datePublished\":\"2026-04-30T05:57:14+00:00\",\"dateModified\":\"2026-04-30T06:52:20+00:00\",\"breadcrumb\":{\"@id\":\"https:\/\/www.automobilia-atelier.de\/it\/chi-siamo-2\/#breadcrumb\"},\"inLanguage\":\"it-IT\",\"potentialAction\":[{\"@type\":\"ReadAction\",\"target\":[\"https:\/\/www.automobilia-atelier.de\/it\/chi-siamo-2\/\"]}]},{\"@type\":\"ImageObject\",\"inLanguage\":\"it-IT\",\"@id\":\"https:\/\/www.automobilia-atelier.de\/it\/chi-siamo-2\/#primaryimage\",\"url\":\"https:\/\/www.automobilia-atelier.de\/wp-content\/uploads\/2026\/04\/1-2-1024x1024.jpg\",\"contentUrl\":\"https:\/\/www.automobilia-atelier.de\/wp-content\/uploads\/2026\/04\/1-2-1024x1024.jpg\"},{\"@type\":\"BreadcrumbList\",\"@id\":\"https:\/\/www.automobilia-atelier.de\/it\/chi-siamo-2\/#breadcrumb\",\"itemListElement\":[{\"@type\":\"ListItem\",\"position\":1,\"name\":\"Startseite\",\"item\":\"https:\/\/www.automobilia-atelier.de\/it\/\"},{\"@type\":\"ListItem\",\"position\":2,\"name\":\"Chi siamo\"}]},{\"@type\":\"WebSite\",\"@id\":\"https:\/\/www.automobilia-atelier.de\/it\/#website\",\"url\":\"https:\/\/www.automobilia-atelier.de\/it\/\",\"name\":\"\",\"description\":\"\",\"potentialAction\":[{\"@type\":\"SearchAction\",\"target\":{\"@type\":\"EntryPoint\",\"urlTemplate\":\"https:\/\/www.automobilia-atelier.de\/it\/?s={search_term_string}\"},\"query-input\":{\"@type\":\"PropertyValueSpecification\",\"valueRequired\":true,\"valueName\":\"search_term_string\"}}],\"inLanguage\":\"it-IT\"}]}<\/script>\n<!-- \/ Yoast SEO plugin. -->","yoast_head_json":{"title":"Chi siamo -","robots":{"index":"index","follow":"follow","max-snippet":"max-snippet:-1","max-image-preview":"max-image-preview:large","max-video-preview":"max-video-preview:-1"},"canonical":"https:\/\/www.automobilia-atelier.de\/it\/chi-siamo-2\/","og_locale":"it_IT","og_type":"article","og_title":"Chi siamo -","og_description":"Benvenuti da AUTOMOBILIA ATELIER : il vostro punto di riferimento per automobilia e oggetti da collezione di alta qualit\u00e0 provenienti dal mondo delle auto classiche e della storia del motorsport. Il nostro studio si trova nel cuore di Coblenza , in Germania, nelle immediate vicinanze del celebre N\u00fcrburgring , il leggendario circuito automobilistico. Il nostro &hellip; Continua a leggere Chi siamo \u2192","og_url":"https:\/\/www.automobilia-atelier.de\/it\/chi-siamo-2\/","article_modified_time":"2026-04-30T06:52:20+00:00","og_image":[{"width":2400,"height":2400,"url":"https:\/\/www.automobilia-atelier.de\/wp-content\/uploads\/2026\/04\/1-2-scaled.jpg","type":"image\/jpeg"}],"twitter_card":"summary_large_image","twitter_misc":{"Tempo di lettura stimato":"1 minuto"},"schema":{"@context":"https:\/\/schema.org","@graph":[{"@type":"WebPage","@id":"https:\/\/www.automobilia-atelier.de\/it\/chi-siamo-2\/","url":"https:\/\/www.automobilia-atelier.de\/it\/chi-siamo-2\/","name":"Chi siamo -","isPartOf":{"@id":"https:\/\/www.automobilia-atelier.de\/it\/#website"},"primaryImageOfPage":{"@id":"https:\/\/www.automobilia-atelier.de\/it\/chi-siamo-2\/#primaryimage"},"image":{"@id":"https:\/\/www.automobilia-atelier.de\/it\/chi-siamo-2\/#primaryimage"},"thumbnailUrl":"https:\/\/www.automobilia-atelier.de\/wp-content\/uploads\/2026\/04\/1-2-1024x1024.jpg","datePublished":"2026-04-30T05:57:14+00:00","dateModified":"2026-04-30T06:52:20+00:00","breadcrumb":{"@id":"https:\/\/www.automobilia-atelier.de\/it\/chi-siamo-2\/#breadcrumb"},"inLanguage":"it-IT","potentialAction":[{"@type":"ReadAction","target":["https:\/\/www.automobilia-atelier.de\/it\/chi-siamo-2\/"]}]},{"@type":"ImageObject","inLanguage":"it-IT","@id":"https:\/\/www.automobilia-atelier.de\/it\/chi-siamo-2\/#primaryimage","url":"https:\/\/www.automobilia-atelier.de\/wp-content\/uploads\/2026\/04\/1-2-1024x1024.jpg","contentUrl":"https:\/\/www.automobilia-atelier.de\/wp-content\/uploads\/2026\/04\/1-2-1024x1024.jpg"},{"@type":"BreadcrumbList","@id":"https:\/\/www.automobilia-atelier.de\/it\/chi-siamo-2\/#breadcrumb","itemListElement":[{"@type":"ListItem","position":1,"name":"Startseite","item":"https:\/\/www.automobilia-atelier.de\/it\/"},{"@type":"ListItem","position":2,"name":"Chi siamo"}]},{"@type":"WebSite","@id":"https:\/\/www.automobilia-atelier.de\/it\/#website","url":"https:\/\/www.automobilia-atelier.de\/it\/","name":"","description":"","potentialAction":[{"@type":"SearchAction","target":{"@type":"EntryPoint","urlTemplate":"https:\/\/www.automobilia-atelier.de\/it\/?s={search_term_string}"},"query-input":{"@type":"PropertyValueSpecification","valueRequired":true,"valueName":"search_term_string"}}],"inLanguage":"it-IT"}]}},"jetpack_sharing_enabled":true,"_links":{"self":[{"href":"https:\/\/www.automobilia-atelier.de\/it\/wp-json\/wp\/v2\/pages\/22577","targetHints":{"allow":["GET"]}}],"collection":[{"href":"https:\/\/www.automobilia-atelier.de\/it\/wp-json\/wp\/v2\/pages"}],"about":[{"href":"https:\/\/www.automobilia-atelier.de\/it\/wp-json\/wp\/v2\/types\/page"}],"author":[{"embeddable":true,"href":"https:\/\/www.automobilia-atelier.de\/it\/wp-json\/wp\/v2\/users\/1"}],"replies":[{"embeddable":true,"href":"https:\/\/www.automobilia-atelier.de\/it\/wp-json\/wp\/v2\/comments?post=22577"}],"version-history":[{"count":18,"href":"https:\/\/www.automobilia-atelier.de\/it\/wp-json\/wp\/v2\/pages\/22577\/revisions"}],"predecessor-version":[{"id":22668,"href":"https:\/\/www.automobilia-atelier.de\/it\/wp-json\/wp\/v2\/pages\/22577\/revisions\/22668"}],"wp:attachment":[{"href":"https:\/\/www.automobilia-atelier.de\/it\/wp-json\/wp\/v2\/media?parent=22577"}],"curies":[{"name":"wp","href":"https:\/\/api.w.org\/{rel}","templated":true}]}}