{"id":15968,"date":"2024-05-30T08:34:09","date_gmt":"2024-05-30T06:34:09","guid":{"rendered":"https:\/\/www.automobilia-atelier.de\/produkt\/libro-del-cronografo-heuer-del-2008-di-arno-m-haslinger\/"},"modified":"2024-05-30T08:34:09","modified_gmt":"2024-05-30T06:34:09","slug":"libro-del-cronografo-heuer-del-2008-di-arno-m-haslinger","status":"publish","type":"product","link":"https:\/\/www.automobilia-atelier.de\/it\/produkt\/libro-del-cronografo-heuer-del-2008-di-arno-m-haslinger\/","title":{"rendered":"Libro del cronografo Heuer del 2008 di Arno M. Haslinger"},"content":{"rendered":"<p><strong>Editore:<\/strong> Callwey<br \/>\n<strong>Data di produzione:<\/strong> 2008<br \/>\n<strong>Condizioni:<\/strong> vedi foto dettagliate. Segni di usura sulla copertina rigida. Pagine in ottime condizioni.  Testo tedesco\/inglese.<\/p>\n<p>Autavia, Carrera, Daytona, Monaco, Monza, Silverstone: i cronografi della casa orologiera svizzera Heuer sono pezzi da collezione ricercati ed eccezionali. Ci\u00f2 \u00e8 dovuto al loro design elegante e all&#8217;elevata qualit\u00e0 tecnica.<br \/>\n Questo libro di Callwey presenta le serie di modelli pi\u00f9 importanti degli anni &#8217;60 e &#8217;70 con i loro quadranti, movimenti e gli ingrandimenti dei dettagli pi\u00f9 sorprendenti.<br \/>\n Numerosi ritratti, manifesti di corse di questo periodo e alcune immagini inedite rendono quest&#8217;opera di riferimento un piacere di lettura speciale per tutti gli appassionati di sport motoristici e ricordano lo stretto legame tra la casa di orologi Heuer e i grandi della Formula 1 come Jacky Ickx, Niki Lauda, \u200b\u200bClay Regazzoni, Jochen Rindt, Jo Siffert e Steve McQueen nel film cult Le Mans.<br \/>\n Una delizia per ogni collezionista di orologi e amante dei marchi di lusso del motorsport!<\/p>\n","protected":false},"excerpt":{"rendered":"<p>Editore: Callwey Data di produzione: 2008 Condizioni: vedi foto dettagliate. Segni di usura sulla copertina rigida. Pagine in ottime condizioni. Testo tedesco\/inglese. Autavia, Carrera, Daytona, Monaco, Monza, Silverstone: i cronografi della casa orologiera svizzera Heuer sono pezzi da collezione ricercati ed eccezionali. Ci\u00f2 \u00e8 dovuto al loro design elegante e all&#8217;elevata qualit\u00e0 tecnica. Questo libro &hellip; <a href=\"https:\/\/www.automobilia-atelier.de\/it\/produkt\/libro-del-cronografo-heuer-del-2008-di-arno-m-haslinger\/\" class=\"more-link\">Continua a leggere <span class=\"screen-reader-text\">Libro del cronografo Heuer del 2008 di Arno M. Haslinger<\/span> <span class=\"meta-nav\">\u2192<\/span><\/a><\/p>\n","protected":false},"featured_media":15974,"template":"","meta":{"inline_featured_image":false,"_monsterinsights_skip_tracking":false,"_monsterinsights_sitenote_active":false,"_monsterinsights_sitenote_note":"","_monsterinsights_sitenote_category":0},"product_brand":[],"product_cat":[184,195],"product_tag":[],"class_list":{"0":"post-15968","1":"product","2":"type-product","3":"status-publish","4":"has-post-thumbnail","6":"product_cat-automobili","7":"product_cat-libri-opuscoli","9":"first","10":"outofstock","11":"sold-individually","12":"product-type-simple"},"yoast_head":"<!-- This site is optimized with the Yoast SEO plugin v24.7 - https:\/\/yoast.com\/wordpress\/plugins\/seo\/ -->\n<title>Libro del cronografo Heuer del 2008 di Arno M. Haslinger -<\/title>\n<meta name=\"robots\" content=\"index, follow, max-snippet:-1, max-image-preview:large, max-video-preview:-1\" \/>\n<link rel=\"canonical\" href=\"https:\/\/www.automobilia-atelier.de\/it\/produkt\/libro-del-cronografo-heuer-del-2008-di-arno-m-haslinger\/\" \/>\n<meta property=\"og:locale\" content=\"it_IT\" \/>\n<meta property=\"og:type\" content=\"article\" \/>\n<meta property=\"og:title\" content=\"Libro del cronografo Heuer del 2008 di Arno M. Haslinger -\" \/>\n<meta property=\"og:description\" content=\"Editore: Callwey Data di produzione: 2008 Condizioni: vedi foto dettagliate. Segni di usura sulla copertina rigida. Pagine in ottime condizioni. Testo tedesco\/inglese. Autavia, Carrera, Daytona, Monaco, Monza, Silverstone: i cronografi della casa orologiera svizzera Heuer sono pezzi da collezione ricercati ed eccezionali. Ci\u00f2 \u00e8 dovuto al loro design elegante e all&#8217;elevata qualit\u00e0 tecnica. Questo libro &hellip; Continua a leggere Libro del cronografo Heuer del 2008 di Arno M. Haslinger \u2192\" \/>\n<meta property=\"og:url\" content=\"https:\/\/www.automobilia-atelier.de\/it\/produkt\/libro-del-cronografo-heuer-del-2008-di-arno-m-haslinger\/\" \/>\n<meta property=\"og:image\" content=\"https:\/\/www.automobilia-atelier.de\/wp-content\/uploads\/2024\/05\/DSC7236-scaled.jpg\" \/>\n\t<meta property=\"og:image:width\" content=\"2400\" \/>\n\t<meta property=\"og:image:height\" content=\"1600\" \/>\n\t<meta property=\"og:image:type\" content=\"image\/jpeg\" \/>\n<meta name=\"twitter:card\" content=\"summary_large_image\" \/>\n<meta name=\"twitter:label1\" content=\"Tempo di lettura stimato\" \/>\n\t<meta name=\"twitter:data1\" content=\"1 minuto\" \/>\n<script type=\"application\/ld+json\" class=\"yoast-schema-graph\">{\"@context\":\"https:\/\/schema.org\",\"@graph\":[{\"@type\":\"WebPage\",\"@id\":\"https:\/\/www.automobilia-atelier.de\/it\/produkt\/libro-del-cronografo-heuer-del-2008-di-arno-m-haslinger\/\",\"url\":\"https:\/\/www.automobilia-atelier.de\/it\/produkt\/libro-del-cronografo-heuer-del-2008-di-arno-m-haslinger\/\",\"name\":\"Libro del cronografo Heuer del 2008 di Arno M. Haslinger -\",\"isPartOf\":{\"@id\":\"https:\/\/www.automobilia-atelier.de\/it\/#website\"},\"primaryImageOfPage\":{\"@id\":\"https:\/\/www.automobilia-atelier.de\/it\/produkt\/libro-del-cronografo-heuer-del-2008-di-arno-m-haslinger\/#primaryimage\"},\"image\":{\"@id\":\"https:\/\/www.automobilia-atelier.de\/it\/produkt\/libro-del-cronografo-heuer-del-2008-di-arno-m-haslinger\/#primaryimage\"},\"thumbnailUrl\":\"https:\/\/www.automobilia-atelier.de\/wp-content\/uploads\/2024\/05\/DSC7236-scaled.jpg\",\"datePublished\":\"2024-05-30T06:34:09+00:00\",\"breadcrumb\":{\"@id\":\"https:\/\/www.automobilia-atelier.de\/it\/produkt\/libro-del-cronografo-heuer-del-2008-di-arno-m-haslinger\/#breadcrumb\"},\"inLanguage\":\"it-IT\",\"potentialAction\":[{\"@type\":\"ReadAction\",\"target\":[\"https:\/\/www.automobilia-atelier.de\/it\/produkt\/libro-del-cronografo-heuer-del-2008-di-arno-m-haslinger\/\"]}]},{\"@type\":\"ImageObject\",\"inLanguage\":\"it-IT\",\"@id\":\"https:\/\/www.automobilia-atelier.de\/it\/produkt\/libro-del-cronografo-heuer-del-2008-di-arno-m-haslinger\/#primaryimage\",\"url\":\"https:\/\/www.automobilia-atelier.de\/wp-content\/uploads\/2024\/05\/DSC7236-scaled.jpg\",\"contentUrl\":\"https:\/\/www.automobilia-atelier.de\/wp-content\/uploads\/2024\/05\/DSC7236-scaled.jpg\",\"width\":2400,\"height\":1600},{\"@type\":\"BreadcrumbList\",\"@id\":\"https:\/\/www.automobilia-atelier.de\/it\/produkt\/libro-del-cronografo-heuer-del-2008-di-arno-m-haslinger\/#breadcrumb\",\"itemListElement\":[{\"@type\":\"ListItem\",\"position\":1,\"name\":\"Startseite\",\"item\":\"https:\/\/www.automobilia-atelier.de\/it\/\"},{\"@type\":\"ListItem\",\"position\":2,\"name\":\"Prodotti\",\"item\":\"https:\/\/www.automobilia-atelier.de\/it\/shop\/\"},{\"@type\":\"ListItem\",\"position\":3,\"name\":\"Libro del cronografo Heuer del 2008 di Arno M. Haslinger\"}]},{\"@type\":\"WebSite\",\"@id\":\"https:\/\/www.automobilia-atelier.de\/it\/#website\",\"url\":\"https:\/\/www.automobilia-atelier.de\/it\/\",\"name\":\"\",\"description\":\"\",\"potentialAction\":[{\"@type\":\"SearchAction\",\"target\":{\"@type\":\"EntryPoint\",\"urlTemplate\":\"https:\/\/www.automobilia-atelier.de\/it\/?s={search_term_string}\"},\"query-input\":{\"@type\":\"PropertyValueSpecification\",\"valueRequired\":true,\"valueName\":\"search_term_string\"}}],\"inLanguage\":\"it-IT\"}]}<\/script>\n<!-- \/ Yoast SEO plugin. -->","yoast_head_json":{"title":"Libro del cronografo Heuer del 2008 di Arno M. Haslinger -","robots":{"index":"index","follow":"follow","max-snippet":"max-snippet:-1","max-image-preview":"max-image-preview:large","max-video-preview":"max-video-preview:-1"},"canonical":"https:\/\/www.automobilia-atelier.de\/it\/produkt\/libro-del-cronografo-heuer-del-2008-di-arno-m-haslinger\/","og_locale":"it_IT","og_type":"article","og_title":"Libro del cronografo Heuer del 2008 di Arno M. Haslinger -","og_description":"Editore: Callwey Data di produzione: 2008 Condizioni: vedi foto dettagliate. Segni di usura sulla copertina rigida. Pagine in ottime condizioni. Testo tedesco\/inglese. Autavia, Carrera, Daytona, Monaco, Monza, Silverstone: i cronografi della casa orologiera svizzera Heuer sono pezzi da collezione ricercati ed eccezionali. Ci\u00f2 \u00e8 dovuto al loro design elegante e all&#8217;elevata qualit\u00e0 tecnica. Questo libro &hellip; Continua a leggere Libro del cronografo Heuer del 2008 di Arno M. Haslinger \u2192","og_url":"https:\/\/www.automobilia-atelier.de\/it\/produkt\/libro-del-cronografo-heuer-del-2008-di-arno-m-haslinger\/","og_image":[{"width":2400,"height":1600,"url":"https:\/\/www.automobilia-atelier.de\/wp-content\/uploads\/2024\/05\/DSC7236-scaled.jpg","type":"image\/jpeg"}],"twitter_card":"summary_large_image","twitter_misc":{"Tempo di lettura stimato":"1 minuto"},"schema":{"@context":"https:\/\/schema.org","@graph":[{"@type":"WebPage","@id":"https:\/\/www.automobilia-atelier.de\/it\/produkt\/libro-del-cronografo-heuer-del-2008-di-arno-m-haslinger\/","url":"https:\/\/www.automobilia-atelier.de\/it\/produkt\/libro-del-cronografo-heuer-del-2008-di-arno-m-haslinger\/","name":"Libro del cronografo Heuer del 2008 di Arno M. Haslinger -","isPartOf":{"@id":"https:\/\/www.automobilia-atelier.de\/it\/#website"},"primaryImageOfPage":{"@id":"https:\/\/www.automobilia-atelier.de\/it\/produkt\/libro-del-cronografo-heuer-del-2008-di-arno-m-haslinger\/#primaryimage"},"image":{"@id":"https:\/\/www.automobilia-atelier.de\/it\/produkt\/libro-del-cronografo-heuer-del-2008-di-arno-m-haslinger\/#primaryimage"},"thumbnailUrl":"https:\/\/www.automobilia-atelier.de\/wp-content\/uploads\/2024\/05\/DSC7236-scaled.jpg","datePublished":"2024-05-30T06:34:09+00:00","breadcrumb":{"@id":"https:\/\/www.automobilia-atelier.de\/it\/produkt\/libro-del-cronografo-heuer-del-2008-di-arno-m-haslinger\/#breadcrumb"},"inLanguage":"it-IT","potentialAction":[{"@type":"ReadAction","target":["https:\/\/www.automobilia-atelier.de\/it\/produkt\/libro-del-cronografo-heuer-del-2008-di-arno-m-haslinger\/"]}]},{"@type":"ImageObject","inLanguage":"it-IT","@id":"https:\/\/www.automobilia-atelier.de\/it\/produkt\/libro-del-cronografo-heuer-del-2008-di-arno-m-haslinger\/#primaryimage","url":"https:\/\/www.automobilia-atelier.de\/wp-content\/uploads\/2024\/05\/DSC7236-scaled.jpg","contentUrl":"https:\/\/www.automobilia-atelier.de\/wp-content\/uploads\/2024\/05\/DSC7236-scaled.jpg","width":2400,"height":1600},{"@type":"BreadcrumbList","@id":"https:\/\/www.automobilia-atelier.de\/it\/produkt\/libro-del-cronografo-heuer-del-2008-di-arno-m-haslinger\/#breadcrumb","itemListElement":[{"@type":"ListItem","position":1,"name":"Startseite","item":"https:\/\/www.automobilia-atelier.de\/it\/"},{"@type":"ListItem","position":2,"name":"Prodotti","item":"https:\/\/www.automobilia-atelier.de\/it\/shop\/"},{"@type":"ListItem","position":3,"name":"Libro del cronografo Heuer del 2008 di Arno M. Haslinger"}]},{"@type":"WebSite","@id":"https:\/\/www.automobilia-atelier.de\/it\/#website","url":"https:\/\/www.automobilia-atelier.de\/it\/","name":"","description":"","potentialAction":[{"@type":"SearchAction","target":{"@type":"EntryPoint","urlTemplate":"https:\/\/www.automobilia-atelier.de\/it\/?s={search_term_string}"},"query-input":{"@type":"PropertyValueSpecification","valueRequired":true,"valueName":"search_term_string"}}],"inLanguage":"it-IT"}]}},"jetpack_sharing_enabled":true,"_links":{"self":[{"href":"https:\/\/www.automobilia-atelier.de\/it\/wp-json\/wp\/v2\/product\/15968","targetHints":{"allow":["GET"]}}],"collection":[{"href":"https:\/\/www.automobilia-atelier.de\/it\/wp-json\/wp\/v2\/product"}],"about":[{"href":"https:\/\/www.automobilia-atelier.de\/it\/wp-json\/wp\/v2\/types\/product"}],"wp:featuredmedia":[{"embeddable":true,"href":"https:\/\/www.automobilia-atelier.de\/it\/wp-json\/wp\/v2\/media\/15974"}],"wp:attachment":[{"href":"https:\/\/www.automobilia-atelier.de\/it\/wp-json\/wp\/v2\/media?parent=15968"}],"wp:term":[{"taxonomy":"product_brand","embeddable":true,"href":"https:\/\/www.automobilia-atelier.de\/it\/wp-json\/wp\/v2\/product_brand?post=15968"},{"taxonomy":"product_cat","embeddable":true,"href":"https:\/\/www.automobilia-atelier.de\/it\/wp-json\/wp\/v2\/product_cat?post=15968"},{"taxonomy":"product_tag","embeddable":true,"href":"https:\/\/www.automobilia-atelier.de\/it\/wp-json\/wp\/v2\/product_tag?post=15968"}],"curies":[{"name":"wp","href":"https:\/\/api.w.org\/{rel}","templated":true}]}}