{"id":16169,"date":"2025-05-01T12:58:35","date_gmt":"2025-05-01T10:58:35","guid":{"rendered":"https:\/\/www.automobilia-atelier.de\/produkt\/volante-momo-heytune-del-1990-per-bmw-porsche-mercedes\/"},"modified":"2025-05-17T11:14:01","modified_gmt":"2025-05-17T09:14:01","slug":"volante-momo-heytune-del-1990-per-bmw-porsche-mercedes","status":"publish","type":"product","link":"https:\/\/www.automobilia-atelier.de\/it\/produkt\/volante-momo-heytune-del-1990-per-bmw-porsche-mercedes\/","title":{"rendered":"Volante MOMO &#8220;Heytune&#8221; del 1990 per BMW \/ Porsche \/ Mercedes"},"content":{"rendered":"<p><strong>Produttore:<\/strong> MOMO<br \/>\n <strong>Diametro:<\/strong> 360 mm<br \/>\n <strong>Data di produzione:<\/strong> 1990<br \/>\n <strong>Condizioni:<\/strong> vedi foto dettagliate<br \/>\n <strong>Precisione di adattamento:<\/strong> cerchio dei bulloni = 6&#215;70 mm \u2013 Pu\u00f2 essere montato su pi\u00f9 veicoli con il mozzo appropriato<\/p>\n<p> Nota: questo articolo pu\u00f2 essere installato solo da personale qualificato.<\/p>\n","protected":false},"excerpt":{"rendered":"<p>Produttore: MOMO Diametro: 360 mm Data di produzione: 1990 Condizioni: vedi foto dettagliate Precisione di adattamento: cerchio dei bulloni = 6&#215;70 mm \u2013 Pu\u00f2 essere montato su pi\u00f9 veicoli con il mozzo appropriato Nota: questo articolo pu\u00f2 essere installato solo da personale qualificato.<\/p>\n","protected":false},"featured_media":19164,"template":"","meta":{"inline_featured_image":false,"_monsterinsights_skip_tracking":false,"_monsterinsights_sitenote_active":false,"_monsterinsights_sitenote_note":"","_monsterinsights_sitenote_category":0},"product_brand":[],"product_cat":[182,180,181,196],"product_tag":[],"class_list":{"0":"post-16169","1":"product","2":"type-product","3":"status-publish","4":"has-post-thumbnail","6":"product_cat-momo-it","7":"product_cat-ricambi-per-veicoli-depoca","8":"product_cat-volanti","9":"product_cat-volanti-in-pelle-it","11":"first","12":"instock","13":"sold-individually","14":"purchasable","15":"product-type-simple"},"yoast_head":"<!-- This site is optimized with the Yoast SEO plugin v24.7 - https:\/\/yoast.com\/wordpress\/plugins\/seo\/ -->\n<title>Volante MOMO &quot;Heytune&quot; del 1990 per BMW \/ Porsche \/ Mercedes -<\/title>\n<meta name=\"robots\" content=\"index, follow, max-snippet:-1, max-image-preview:large, max-video-preview:-1\" \/>\n<link rel=\"canonical\" href=\"https:\/\/www.automobilia-atelier.de\/it\/produkt\/volante-momo-heytune-del-1990-per-bmw-porsche-mercedes\/\" \/>\n<meta property=\"og:locale\" content=\"it_IT\" \/>\n<meta property=\"og:type\" content=\"article\" \/>\n<meta property=\"og:title\" content=\"Volante MOMO &quot;Heytune&quot; del 1990 per BMW \/ Porsche \/ Mercedes -\" \/>\n<meta property=\"og:description\" content=\"Produttore: MOMO Diametro: 360 mm Data di produzione: 1990 Condizioni: vedi foto dettagliate Precisione di adattamento: cerchio dei bulloni = 6&#215;70 mm \u2013 Pu\u00f2 essere montato su pi\u00f9 veicoli con il mozzo appropriato Nota: questo articolo pu\u00f2 essere installato solo da personale qualificato.\" \/>\n<meta property=\"og:url\" content=\"https:\/\/www.automobilia-atelier.de\/it\/produkt\/volante-momo-heytune-del-1990-per-bmw-porsche-mercedes\/\" \/>\n<meta property=\"article:modified_time\" content=\"2025-05-17T09:14:01+00:00\" \/>\n<meta property=\"og:image\" content=\"https:\/\/www.automobilia-atelier.de\/wp-content\/uploads\/2024\/11\/DSC7945-1-scaled.jpg\" \/>\n\t<meta property=\"og:image:width\" content=\"2400\" \/>\n\t<meta property=\"og:image:height\" content=\"1600\" \/>\n\t<meta property=\"og:image:type\" content=\"image\/jpeg\" \/>\n<meta name=\"twitter:card\" content=\"summary_large_image\" \/>\n<script type=\"application\/ld+json\" class=\"yoast-schema-graph\">{\"@context\":\"https:\/\/schema.org\",\"@graph\":[{\"@type\":\"WebPage\",\"@id\":\"https:\/\/www.automobilia-atelier.de\/it\/produkt\/volante-momo-heytune-del-1990-per-bmw-porsche-mercedes\/\",\"url\":\"https:\/\/www.automobilia-atelier.de\/it\/produkt\/volante-momo-heytune-del-1990-per-bmw-porsche-mercedes\/\",\"name\":\"Volante MOMO \\\"Heytune\\\" del 1990 per BMW \/ Porsche \/ Mercedes -\",\"isPartOf\":{\"@id\":\"https:\/\/www.automobilia-atelier.de\/it\/#website\"},\"primaryImageOfPage\":{\"@id\":\"https:\/\/www.automobilia-atelier.de\/it\/produkt\/volante-momo-heytune-del-1990-per-bmw-porsche-mercedes\/#primaryimage\"},\"image\":{\"@id\":\"https:\/\/www.automobilia-atelier.de\/it\/produkt\/volante-momo-heytune-del-1990-per-bmw-porsche-mercedes\/#primaryimage\"},\"thumbnailUrl\":\"https:\/\/www.automobilia-atelier.de\/wp-content\/uploads\/2024\/11\/DSC7945-1-scaled.jpg\",\"datePublished\":\"2025-05-01T10:58:35+00:00\",\"dateModified\":\"2025-05-17T09:14:01+00:00\",\"breadcrumb\":{\"@id\":\"https:\/\/www.automobilia-atelier.de\/it\/produkt\/volante-momo-heytune-del-1990-per-bmw-porsche-mercedes\/#breadcrumb\"},\"inLanguage\":\"it-IT\",\"potentialAction\":[{\"@type\":\"ReadAction\",\"target\":[\"https:\/\/www.automobilia-atelier.de\/it\/produkt\/volante-momo-heytune-del-1990-per-bmw-porsche-mercedes\/\"]}]},{\"@type\":\"ImageObject\",\"inLanguage\":\"it-IT\",\"@id\":\"https:\/\/www.automobilia-atelier.de\/it\/produkt\/volante-momo-heytune-del-1990-per-bmw-porsche-mercedes\/#primaryimage\",\"url\":\"https:\/\/www.automobilia-atelier.de\/wp-content\/uploads\/2024\/11\/DSC7945-1-scaled.jpg\",\"contentUrl\":\"https:\/\/www.automobilia-atelier.de\/wp-content\/uploads\/2024\/11\/DSC7945-1-scaled.jpg\",\"width\":2400,\"height\":1600},{\"@type\":\"BreadcrumbList\",\"@id\":\"https:\/\/www.automobilia-atelier.de\/it\/produkt\/volante-momo-heytune-del-1990-per-bmw-porsche-mercedes\/#breadcrumb\",\"itemListElement\":[{\"@type\":\"ListItem\",\"position\":1,\"name\":\"Startseite\",\"item\":\"https:\/\/www.automobilia-atelier.de\/it\/\"},{\"@type\":\"ListItem\",\"position\":2,\"name\":\"Prodotti\",\"item\":\"https:\/\/www.automobilia-atelier.de\/it\/shop\/\"},{\"@type\":\"ListItem\",\"position\":3,\"name\":\"Volante MOMO &#8220;Heytune&#8221; del 1990 per BMW \/ Porsche \/ Mercedes\"}]},{\"@type\":\"WebSite\",\"@id\":\"https:\/\/www.automobilia-atelier.de\/it\/#website\",\"url\":\"https:\/\/www.automobilia-atelier.de\/it\/\",\"name\":\"\",\"description\":\"\",\"potentialAction\":[{\"@type\":\"SearchAction\",\"target\":{\"@type\":\"EntryPoint\",\"urlTemplate\":\"https:\/\/www.automobilia-atelier.de\/it\/?s={search_term_string}\"},\"query-input\":{\"@type\":\"PropertyValueSpecification\",\"valueRequired\":true,\"valueName\":\"search_term_string\"}}],\"inLanguage\":\"it-IT\"}]}<\/script>\n<!-- \/ Yoast SEO plugin. -->","yoast_head_json":{"title":"Volante MOMO \"Heytune\" del 1990 per BMW \/ Porsche \/ Mercedes -","robots":{"index":"index","follow":"follow","max-snippet":"max-snippet:-1","max-image-preview":"max-image-preview:large","max-video-preview":"max-video-preview:-1"},"canonical":"https:\/\/www.automobilia-atelier.de\/it\/produkt\/volante-momo-heytune-del-1990-per-bmw-porsche-mercedes\/","og_locale":"it_IT","og_type":"article","og_title":"Volante MOMO \"Heytune\" del 1990 per BMW \/ Porsche \/ Mercedes -","og_description":"Produttore: MOMO Diametro: 360 mm Data di produzione: 1990 Condizioni: vedi foto dettagliate Precisione di adattamento: cerchio dei bulloni = 6&#215;70 mm \u2013 Pu\u00f2 essere montato su pi\u00f9 veicoli con il mozzo appropriato Nota: questo articolo pu\u00f2 essere installato solo da personale qualificato.","og_url":"https:\/\/www.automobilia-atelier.de\/it\/produkt\/volante-momo-heytune-del-1990-per-bmw-porsche-mercedes\/","article_modified_time":"2025-05-17T09:14:01+00:00","og_image":[{"width":2400,"height":1600,"url":"https:\/\/www.automobilia-atelier.de\/wp-content\/uploads\/2024\/11\/DSC7945-1-scaled.jpg","type":"image\/jpeg"}],"twitter_card":"summary_large_image","schema":{"@context":"https:\/\/schema.org","@graph":[{"@type":"WebPage","@id":"https:\/\/www.automobilia-atelier.de\/it\/produkt\/volante-momo-heytune-del-1990-per-bmw-porsche-mercedes\/","url":"https:\/\/www.automobilia-atelier.de\/it\/produkt\/volante-momo-heytune-del-1990-per-bmw-porsche-mercedes\/","name":"Volante MOMO \"Heytune\" del 1990 per BMW \/ Porsche \/ Mercedes -","isPartOf":{"@id":"https:\/\/www.automobilia-atelier.de\/it\/#website"},"primaryImageOfPage":{"@id":"https:\/\/www.automobilia-atelier.de\/it\/produkt\/volante-momo-heytune-del-1990-per-bmw-porsche-mercedes\/#primaryimage"},"image":{"@id":"https:\/\/www.automobilia-atelier.de\/it\/produkt\/volante-momo-heytune-del-1990-per-bmw-porsche-mercedes\/#primaryimage"},"thumbnailUrl":"https:\/\/www.automobilia-atelier.de\/wp-content\/uploads\/2024\/11\/DSC7945-1-scaled.jpg","datePublished":"2025-05-01T10:58:35+00:00","dateModified":"2025-05-17T09:14:01+00:00","breadcrumb":{"@id":"https:\/\/www.automobilia-atelier.de\/it\/produkt\/volante-momo-heytune-del-1990-per-bmw-porsche-mercedes\/#breadcrumb"},"inLanguage":"it-IT","potentialAction":[{"@type":"ReadAction","target":["https:\/\/www.automobilia-atelier.de\/it\/produkt\/volante-momo-heytune-del-1990-per-bmw-porsche-mercedes\/"]}]},{"@type":"ImageObject","inLanguage":"it-IT","@id":"https:\/\/www.automobilia-atelier.de\/it\/produkt\/volante-momo-heytune-del-1990-per-bmw-porsche-mercedes\/#primaryimage","url":"https:\/\/www.automobilia-atelier.de\/wp-content\/uploads\/2024\/11\/DSC7945-1-scaled.jpg","contentUrl":"https:\/\/www.automobilia-atelier.de\/wp-content\/uploads\/2024\/11\/DSC7945-1-scaled.jpg","width":2400,"height":1600},{"@type":"BreadcrumbList","@id":"https:\/\/www.automobilia-atelier.de\/it\/produkt\/volante-momo-heytune-del-1990-per-bmw-porsche-mercedes\/#breadcrumb","itemListElement":[{"@type":"ListItem","position":1,"name":"Startseite","item":"https:\/\/www.automobilia-atelier.de\/it\/"},{"@type":"ListItem","position":2,"name":"Prodotti","item":"https:\/\/www.automobilia-atelier.de\/it\/shop\/"},{"@type":"ListItem","position":3,"name":"Volante MOMO &#8220;Heytune&#8221; del 1990 per BMW \/ Porsche \/ Mercedes"}]},{"@type":"WebSite","@id":"https:\/\/www.automobilia-atelier.de\/it\/#website","url":"https:\/\/www.automobilia-atelier.de\/it\/","name":"","description":"","potentialAction":[{"@type":"SearchAction","target":{"@type":"EntryPoint","urlTemplate":"https:\/\/www.automobilia-atelier.de\/it\/?s={search_term_string}"},"query-input":{"@type":"PropertyValueSpecification","valueRequired":true,"valueName":"search_term_string"}}],"inLanguage":"it-IT"}]}},"jetpack_sharing_enabled":true,"_links":{"self":[{"href":"https:\/\/www.automobilia-atelier.de\/it\/wp-json\/wp\/v2\/product\/16169","targetHints":{"allow":["GET"]}}],"collection":[{"href":"https:\/\/www.automobilia-atelier.de\/it\/wp-json\/wp\/v2\/product"}],"about":[{"href":"https:\/\/www.automobilia-atelier.de\/it\/wp-json\/wp\/v2\/types\/product"}],"wp:featuredmedia":[{"embeddable":true,"href":"https:\/\/www.automobilia-atelier.de\/it\/wp-json\/wp\/v2\/media\/19164"}],"wp:attachment":[{"href":"https:\/\/www.automobilia-atelier.de\/it\/wp-json\/wp\/v2\/media?parent=16169"}],"wp:term":[{"taxonomy":"product_brand","embeddable":true,"href":"https:\/\/www.automobilia-atelier.de\/it\/wp-json\/wp\/v2\/product_brand?post=16169"},{"taxonomy":"product_cat","embeddable":true,"href":"https:\/\/www.automobilia-atelier.de\/it\/wp-json\/wp\/v2\/product_cat?post=16169"},{"taxonomy":"product_tag","embeddable":true,"href":"https:\/\/www.automobilia-atelier.de\/it\/wp-json\/wp\/v2\/product_tag?post=16169"}],"curies":[{"name":"wp","href":"https:\/\/api.w.org\/{rel}","templated":true}]}}