{"id":16681,"date":"2024-12-06T11:46:27","date_gmt":"2024-12-06T10:46:27","guid":{"rendered":"https:\/\/www.automobilia-atelier.de\/produkt\/volante-momo-m38-ac-schnitzer-del-1987-per-bmw-e30-e28-e34-e24-e32-z1\/"},"modified":"2025-05-01T22:22:06","modified_gmt":"2025-05-01T20:22:06","slug":"volante-momo-m38-ac-schnitzer-del-1987-per-bmw-e30-e28-e34-e24-e32-z1","status":"publish","type":"product","link":"https:\/\/www.automobilia-atelier.de\/it\/produkt\/volante-momo-m38-ac-schnitzer-del-1987-per-bmw-e30-e28-e34-e24-e32-z1\/","title":{"rendered":"Volante MOMO M38 &#8220;AC SCHNITZER&#8221; del 1987 per BMW E30 \/ E28 \/ E34 \/ E24 \/ E32 \/ Z1"},"content":{"rendered":"<p><strong>Produttore:<\/strong> MOMO (KBA 70056)<br \/>\n <strong>Diametro:<\/strong> 380 mm<br \/>\n <strong>Data di produzione:<\/strong> 09-1987<br \/>\n <strong>Condizioni:<\/strong> vedi foto dettagliate<br \/>\n <strong>Precisione di adattamento:<\/strong> cerchio dei bulloni = 6&#215;70 mm \u2013 Pu\u00f2 essere montato su pi\u00f9 veicoli con il mozzo appropriato<\/p>\n<p> <b>Nota:<\/b> questo articolo pu\u00f2 essere installato solo da personale qualificato.<\/p>\n","protected":false},"excerpt":{"rendered":"<p>Produttore: MOMO (KBA 70056) Diametro: 380 mm Data di produzione: 09-1987 Condizioni: vedi foto dettagliate Precisione di adattamento: cerchio dei bulloni = 6&#215;70 mm \u2013 Pu\u00f2 essere montato su pi\u00f9 veicoli con il mozzo appropriato Nota: questo articolo pu\u00f2 essere installato solo da personale qualificato.<\/p>\n","protected":false},"featured_media":16701,"template":"","meta":{"inline_featured_image":false,"_monsterinsights_skip_tracking":false,"_monsterinsights_sitenote_active":false,"_monsterinsights_sitenote_note":"","_monsterinsights_sitenote_category":0},"product_brand":[],"product_cat":[182,180,181,196],"product_tag":[],"class_list":{"0":"post-16681","1":"product","2":"type-product","3":"status-publish","4":"has-post-thumbnail","6":"product_cat-momo-it","7":"product_cat-ricambi-per-veicoli-depoca","8":"product_cat-volanti","9":"product_cat-volanti-in-pelle-it","11":"first","12":"outofstock","13":"sold-individually","14":"product-type-simple"},"yoast_head":"<!-- This site is optimized with the Yoast SEO plugin v24.7 - https:\/\/yoast.com\/wordpress\/plugins\/seo\/ -->\n<title>Volante MOMO M38 &quot;AC SCHNITZER&quot; del 1987 per BMW E30 \/ E28 \/ E34 \/ E24 \/ E32 \/ Z1 -<\/title>\n<meta name=\"robots\" content=\"index, follow, max-snippet:-1, max-image-preview:large, max-video-preview:-1\" \/>\n<link rel=\"canonical\" href=\"https:\/\/www.automobilia-atelier.de\/it\/produkt\/volante-momo-m38-ac-schnitzer-del-1987-per-bmw-e30-e28-e34-e24-e32-z1\/\" \/>\n<meta property=\"og:locale\" content=\"it_IT\" \/>\n<meta property=\"og:type\" content=\"article\" \/>\n<meta property=\"og:title\" content=\"Volante MOMO M38 &quot;AC SCHNITZER&quot; del 1987 per BMW E30 \/ E28 \/ E34 \/ E24 \/ E32 \/ Z1 -\" \/>\n<meta property=\"og:description\" content=\"Produttore: MOMO (KBA 70056) Diametro: 380 mm Data di produzione: 09-1987 Condizioni: vedi foto dettagliate Precisione di adattamento: cerchio dei bulloni = 6&#215;70 mm \u2013 Pu\u00f2 essere montato su pi\u00f9 veicoli con il mozzo appropriato Nota: questo articolo pu\u00f2 essere installato solo da personale qualificato.\" \/>\n<meta property=\"og:url\" content=\"https:\/\/www.automobilia-atelier.de\/it\/produkt\/volante-momo-m38-ac-schnitzer-del-1987-per-bmw-e30-e28-e34-e24-e32-z1\/\" \/>\n<meta property=\"article:modified_time\" content=\"2025-05-01T20:22:06+00:00\" \/>\n<meta property=\"og:image\" content=\"https:\/\/www.automobilia-atelier.de\/wp-content\/uploads\/2024\/12\/DSC8124-scaled.jpg\" \/>\n\t<meta property=\"og:image:width\" content=\"2400\" \/>\n\t<meta property=\"og:image:height\" content=\"1600\" \/>\n\t<meta property=\"og:image:type\" content=\"image\/jpeg\" \/>\n<meta name=\"twitter:card\" content=\"summary_large_image\" \/>\n<script type=\"application\/ld+json\" class=\"yoast-schema-graph\">{\"@context\":\"https:\/\/schema.org\",\"@graph\":[{\"@type\":\"WebPage\",\"@id\":\"https:\/\/www.automobilia-atelier.de\/it\/produkt\/volante-momo-m38-ac-schnitzer-del-1987-per-bmw-e30-e28-e34-e24-e32-z1\/\",\"url\":\"https:\/\/www.automobilia-atelier.de\/it\/produkt\/volante-momo-m38-ac-schnitzer-del-1987-per-bmw-e30-e28-e34-e24-e32-z1\/\",\"name\":\"Volante MOMO M38 \\\"AC SCHNITZER\\\" del 1987 per BMW E30 \/ E28 \/ E34 \/ E24 \/ E32 \/ Z1 -\",\"isPartOf\":{\"@id\":\"https:\/\/www.automobilia-atelier.de\/it\/#website\"},\"primaryImageOfPage\":{\"@id\":\"https:\/\/www.automobilia-atelier.de\/it\/produkt\/volante-momo-m38-ac-schnitzer-del-1987-per-bmw-e30-e28-e34-e24-e32-z1\/#primaryimage\"},\"image\":{\"@id\":\"https:\/\/www.automobilia-atelier.de\/it\/produkt\/volante-momo-m38-ac-schnitzer-del-1987-per-bmw-e30-e28-e34-e24-e32-z1\/#primaryimage\"},\"thumbnailUrl\":\"https:\/\/www.automobilia-atelier.de\/wp-content\/uploads\/2024\/12\/DSC8124-scaled.jpg\",\"datePublished\":\"2024-12-06T10:46:27+00:00\",\"dateModified\":\"2025-05-01T20:22:06+00:00\",\"breadcrumb\":{\"@id\":\"https:\/\/www.automobilia-atelier.de\/it\/produkt\/volante-momo-m38-ac-schnitzer-del-1987-per-bmw-e30-e28-e34-e24-e32-z1\/#breadcrumb\"},\"inLanguage\":\"it-IT\",\"potentialAction\":[{\"@type\":\"ReadAction\",\"target\":[\"https:\/\/www.automobilia-atelier.de\/it\/produkt\/volante-momo-m38-ac-schnitzer-del-1987-per-bmw-e30-e28-e34-e24-e32-z1\/\"]}]},{\"@type\":\"ImageObject\",\"inLanguage\":\"it-IT\",\"@id\":\"https:\/\/www.automobilia-atelier.de\/it\/produkt\/volante-momo-m38-ac-schnitzer-del-1987-per-bmw-e30-e28-e34-e24-e32-z1\/#primaryimage\",\"url\":\"https:\/\/www.automobilia-atelier.de\/wp-content\/uploads\/2024\/12\/DSC8124-scaled.jpg\",\"contentUrl\":\"https:\/\/www.automobilia-atelier.de\/wp-content\/uploads\/2024\/12\/DSC8124-scaled.jpg\",\"width\":2400,\"height\":1600},{\"@type\":\"BreadcrumbList\",\"@id\":\"https:\/\/www.automobilia-atelier.de\/it\/produkt\/volante-momo-m38-ac-schnitzer-del-1987-per-bmw-e30-e28-e34-e24-e32-z1\/#breadcrumb\",\"itemListElement\":[{\"@type\":\"ListItem\",\"position\":1,\"name\":\"Startseite\",\"item\":\"https:\/\/www.automobilia-atelier.de\/it\/\"},{\"@type\":\"ListItem\",\"position\":2,\"name\":\"Prodotti\",\"item\":\"https:\/\/www.automobilia-atelier.de\/it\/shop\/\"},{\"@type\":\"ListItem\",\"position\":3,\"name\":\"Volante MOMO M38 &#8220;AC SCHNITZER&#8221; del 1987 per BMW E30 \/ E28 \/ E34 \/ E24 \/ E32 \/ Z1\"}]},{\"@type\":\"WebSite\",\"@id\":\"https:\/\/www.automobilia-atelier.de\/it\/#website\",\"url\":\"https:\/\/www.automobilia-atelier.de\/it\/\",\"name\":\"\",\"description\":\"\",\"potentialAction\":[{\"@type\":\"SearchAction\",\"target\":{\"@type\":\"EntryPoint\",\"urlTemplate\":\"https:\/\/www.automobilia-atelier.de\/it\/?s={search_term_string}\"},\"query-input\":{\"@type\":\"PropertyValueSpecification\",\"valueRequired\":true,\"valueName\":\"search_term_string\"}}],\"inLanguage\":\"it-IT\"}]}<\/script>\n<!-- \/ Yoast SEO plugin. -->","yoast_head_json":{"title":"Volante MOMO M38 \"AC SCHNITZER\" del 1987 per BMW E30 \/ E28 \/ E34 \/ E24 \/ E32 \/ Z1 -","robots":{"index":"index","follow":"follow","max-snippet":"max-snippet:-1","max-image-preview":"max-image-preview:large","max-video-preview":"max-video-preview:-1"},"canonical":"https:\/\/www.automobilia-atelier.de\/it\/produkt\/volante-momo-m38-ac-schnitzer-del-1987-per-bmw-e30-e28-e34-e24-e32-z1\/","og_locale":"it_IT","og_type":"article","og_title":"Volante MOMO M38 \"AC SCHNITZER\" del 1987 per BMW E30 \/ E28 \/ E34 \/ E24 \/ E32 \/ Z1 -","og_description":"Produttore: MOMO (KBA 70056) Diametro: 380 mm Data di produzione: 09-1987 Condizioni: vedi foto dettagliate Precisione di adattamento: cerchio dei bulloni = 6&#215;70 mm \u2013 Pu\u00f2 essere montato su pi\u00f9 veicoli con il mozzo appropriato Nota: questo articolo pu\u00f2 essere installato solo da personale qualificato.","og_url":"https:\/\/www.automobilia-atelier.de\/it\/produkt\/volante-momo-m38-ac-schnitzer-del-1987-per-bmw-e30-e28-e34-e24-e32-z1\/","article_modified_time":"2025-05-01T20:22:06+00:00","og_image":[{"width":2400,"height":1600,"url":"https:\/\/www.automobilia-atelier.de\/wp-content\/uploads\/2024\/12\/DSC8124-scaled.jpg","type":"image\/jpeg"}],"twitter_card":"summary_large_image","schema":{"@context":"https:\/\/schema.org","@graph":[{"@type":"WebPage","@id":"https:\/\/www.automobilia-atelier.de\/it\/produkt\/volante-momo-m38-ac-schnitzer-del-1987-per-bmw-e30-e28-e34-e24-e32-z1\/","url":"https:\/\/www.automobilia-atelier.de\/it\/produkt\/volante-momo-m38-ac-schnitzer-del-1987-per-bmw-e30-e28-e34-e24-e32-z1\/","name":"Volante MOMO M38 \"AC SCHNITZER\" del 1987 per BMW E30 \/ E28 \/ E34 \/ E24 \/ E32 \/ Z1 -","isPartOf":{"@id":"https:\/\/www.automobilia-atelier.de\/it\/#website"},"primaryImageOfPage":{"@id":"https:\/\/www.automobilia-atelier.de\/it\/produkt\/volante-momo-m38-ac-schnitzer-del-1987-per-bmw-e30-e28-e34-e24-e32-z1\/#primaryimage"},"image":{"@id":"https:\/\/www.automobilia-atelier.de\/it\/produkt\/volante-momo-m38-ac-schnitzer-del-1987-per-bmw-e30-e28-e34-e24-e32-z1\/#primaryimage"},"thumbnailUrl":"https:\/\/www.automobilia-atelier.de\/wp-content\/uploads\/2024\/12\/DSC8124-scaled.jpg","datePublished":"2024-12-06T10:46:27+00:00","dateModified":"2025-05-01T20:22:06+00:00","breadcrumb":{"@id":"https:\/\/www.automobilia-atelier.de\/it\/produkt\/volante-momo-m38-ac-schnitzer-del-1987-per-bmw-e30-e28-e34-e24-e32-z1\/#breadcrumb"},"inLanguage":"it-IT","potentialAction":[{"@type":"ReadAction","target":["https:\/\/www.automobilia-atelier.de\/it\/produkt\/volante-momo-m38-ac-schnitzer-del-1987-per-bmw-e30-e28-e34-e24-e32-z1\/"]}]},{"@type":"ImageObject","inLanguage":"it-IT","@id":"https:\/\/www.automobilia-atelier.de\/it\/produkt\/volante-momo-m38-ac-schnitzer-del-1987-per-bmw-e30-e28-e34-e24-e32-z1\/#primaryimage","url":"https:\/\/www.automobilia-atelier.de\/wp-content\/uploads\/2024\/12\/DSC8124-scaled.jpg","contentUrl":"https:\/\/www.automobilia-atelier.de\/wp-content\/uploads\/2024\/12\/DSC8124-scaled.jpg","width":2400,"height":1600},{"@type":"BreadcrumbList","@id":"https:\/\/www.automobilia-atelier.de\/it\/produkt\/volante-momo-m38-ac-schnitzer-del-1987-per-bmw-e30-e28-e34-e24-e32-z1\/#breadcrumb","itemListElement":[{"@type":"ListItem","position":1,"name":"Startseite","item":"https:\/\/www.automobilia-atelier.de\/it\/"},{"@type":"ListItem","position":2,"name":"Prodotti","item":"https:\/\/www.automobilia-atelier.de\/it\/shop\/"},{"@type":"ListItem","position":3,"name":"Volante MOMO M38 &#8220;AC SCHNITZER&#8221; del 1987 per BMW E30 \/ E28 \/ E34 \/ E24 \/ E32 \/ Z1"}]},{"@type":"WebSite","@id":"https:\/\/www.automobilia-atelier.de\/it\/#website","url":"https:\/\/www.automobilia-atelier.de\/it\/","name":"","description":"","potentialAction":[{"@type":"SearchAction","target":{"@type":"EntryPoint","urlTemplate":"https:\/\/www.automobilia-atelier.de\/it\/?s={search_term_string}"},"query-input":{"@type":"PropertyValueSpecification","valueRequired":true,"valueName":"search_term_string"}}],"inLanguage":"it-IT"}]}},"jetpack_sharing_enabled":true,"_links":{"self":[{"href":"https:\/\/www.automobilia-atelier.de\/it\/wp-json\/wp\/v2\/product\/16681","targetHints":{"allow":["GET"]}}],"collection":[{"href":"https:\/\/www.automobilia-atelier.de\/it\/wp-json\/wp\/v2\/product"}],"about":[{"href":"https:\/\/www.automobilia-atelier.de\/it\/wp-json\/wp\/v2\/types\/product"}],"wp:featuredmedia":[{"embeddable":true,"href":"https:\/\/www.automobilia-atelier.de\/it\/wp-json\/wp\/v2\/media\/16701"}],"wp:attachment":[{"href":"https:\/\/www.automobilia-atelier.de\/it\/wp-json\/wp\/v2\/media?parent=16681"}],"wp:term":[{"taxonomy":"product_brand","embeddable":true,"href":"https:\/\/www.automobilia-atelier.de\/it\/wp-json\/wp\/v2\/product_brand?post=16681"},{"taxonomy":"product_cat","embeddable":true,"href":"https:\/\/www.automobilia-atelier.de\/it\/wp-json\/wp\/v2\/product_cat?post=16681"},{"taxonomy":"product_tag","embeddable":true,"href":"https:\/\/www.automobilia-atelier.de\/it\/wp-json\/wp\/v2\/product_tag?post=16681"}],"curies":[{"name":"wp","href":"https:\/\/api.w.org\/{rel}","templated":true}]}}