{"id":20557,"date":"2025-08-21T22:29:04","date_gmt":"2025-08-21T20:29:04","guid":{"rendered":"https:\/\/www.automobilia-atelier.de\/?post_type=product&#038;p=20557"},"modified":"2025-08-21T22:42:34","modified_gmt":"2025-08-21T20:42:34","slug":"t-shirt-historic-monaco-f1-di-automobilia-atelier-kopie","status":"publish","type":"product","link":"https:\/\/www.automobilia-atelier.de\/it\/produkt\/t-shirt-historic-monaco-f1-di-automobilia-atelier-kopie\/","title":{"rendered":"Maglietta &#8220;962&#8221; AUTOMOBILIA ATELIER"},"content":{"rendered":"<p>Questa maglietta porta la 962 del leggendario circuito di Spa-Francorchamps nel tuo guardaroba: un&#8217;elegante stampa frontale e un&#8217;ampia stampa posteriore dal look vintage. Combina comfort di prima classe con passione per le corse. <\/p>\n<ul>\n<li>Piccola stampa frontale \/ Grande stampa posteriore serigrafia Pantone 426 C<\/li>\n<li>100% cotone*, circa 165 g\/m2<\/li>\n<li>girocollo<\/li>\n<li>bianco<\/li>\n<li>unisex<\/li>\n<li>Frutto del telaio<\/li>\n<\/ul>\n<div>\n<div class=\"summary__title\">\n<h5 class=\"h4 accordion__title inline-richtext\">Taglia e vestibilit\u00e0<\/h5>\n<\/div>\n<\/div>\n<div id=\"ProductAccordion-collapsible_tab_U4ahTt-template--25076365787461__main\" class=\"accordion__content rte\">\n<ul>\n<li><span class=\"metafield-multi_line_text_field\">Vestibilit\u00e0 casual  <\/span><\/li>\n<li>Per un look pi\u00f9 rilassato \u00e8 meglio scegliere una taglia pi\u00f9 grande<\/li>\n<li><span class=\"metafield-multi_line_text_field\">  La modella (1,90 m; 90 kg) indossa la taglia XL<\/span><\/li>\n<\/ul>\n<\/div>\n","protected":false},"excerpt":{"rendered":"<p>Questa maglietta porta la 962 del leggendario circuito di Spa-Francorchamps nel tuo guardaroba: un&#8217;elegante stampa frontale e un&#8217;ampia stampa posteriore dal look vintage. Combina comfort di prima classe con passione per le corse. Piccola stampa frontale \/ Grande stampa posteriore serigrafia Pantone 426 C 100% cotone*, circa 165 g\/m2 girocollo bianco unisex Frutto del telaio &hellip; <a href=\"https:\/\/www.automobilia-atelier.de\/it\/produkt\/t-shirt-historic-monaco-f1-di-automobilia-atelier-kopie\/\" class=\"more-link\">Continua a leggere <span class=\"screen-reader-text\">Maglietta &#8220;962&#8221; AUTOMOBILIA ATELIER<\/span> <span class=\"meta-nav\">\u2192<\/span><\/a><\/p>\n","protected":false},"featured_media":20566,"template":"","meta":{"inline_featured_image":false,"_monsterinsights_skip_tracking":false,"_monsterinsights_sitenote_active":false,"_monsterinsights_sitenote_note":"","_monsterinsights_sitenote_category":0},"product_brand":[],"product_cat":[287],"product_tag":[],"class_list":{"0":"post-20557","1":"product","2":"type-product","3":"status-publish","4":"has-post-thumbnail","6":"product_cat-collezione","7":"product_shipping_class-maglietta","9":"first","10":"instock","11":"featured","12":"shipping-taxable","13":"purchasable","14":"product-type-variable","15":"has-default-attributes"},"yoast_head":"<!-- This site is optimized with the Yoast SEO plugin v24.7 - https:\/\/yoast.com\/wordpress\/plugins\/seo\/ -->\n<title>Maglietta &quot;962&quot; AUTOMOBILIA ATELIER -<\/title>\n<meta name=\"robots\" content=\"index, follow, max-snippet:-1, max-image-preview:large, max-video-preview:-1\" \/>\n<link rel=\"canonical\" href=\"https:\/\/www.automobilia-atelier.de\/it\/produkt\/t-shirt-historic-monaco-f1-di-automobilia-atelier-kopie\/\" \/>\n<meta property=\"og:locale\" content=\"it_IT\" \/>\n<meta property=\"og:type\" content=\"article\" \/>\n<meta property=\"og:title\" content=\"Maglietta &quot;962&quot; AUTOMOBILIA ATELIER -\" \/>\n<meta property=\"og:description\" content=\"Questa maglietta porta la 962 del leggendario circuito di Spa-Francorchamps nel tuo guardaroba: un&#8217;elegante stampa frontale e un&#8217;ampia stampa posteriore dal look vintage. Combina comfort di prima classe con passione per le corse. Piccola stampa frontale \/ Grande stampa posteriore serigrafia Pantone 426 C 100% cotone*, circa 165 g\/m2 girocollo bianco unisex Frutto del telaio &hellip; Continua a leggere Maglietta &#8220;962&#8221; AUTOMOBILIA ATELIER \u2192\" \/>\n<meta property=\"og:url\" content=\"https:\/\/www.automobilia-atelier.de\/it\/produkt\/t-shirt-historic-monaco-f1-di-automobilia-atelier-kopie\/\" \/>\n<meta property=\"article:modified_time\" content=\"2025-08-21T20:42:34+00:00\" \/>\n<meta property=\"og:image\" content=\"https:\/\/www.automobilia-atelier.de\/wp-content\/uploads\/2025\/08\/e267a5d4-56fa-4fc9-bfcf-a761442126c9-2-1.png\" \/>\n\t<meta property=\"og:image:width\" content=\"1423\" \/>\n\t<meta property=\"og:image:height\" content=\"1423\" \/>\n\t<meta property=\"og:image:type\" content=\"image\/png\" \/>\n<meta name=\"twitter:card\" content=\"summary_large_image\" \/>\n<script type=\"application\/ld+json\" class=\"yoast-schema-graph\">{\"@context\":\"https:\/\/schema.org\",\"@graph\":[{\"@type\":\"WebPage\",\"@id\":\"https:\/\/www.automobilia-atelier.de\/it\/produkt\/t-shirt-historic-monaco-f1-di-automobilia-atelier-kopie\/\",\"url\":\"https:\/\/www.automobilia-atelier.de\/it\/produkt\/t-shirt-historic-monaco-f1-di-automobilia-atelier-kopie\/\",\"name\":\"Maglietta \\\"962\\\" AUTOMOBILIA ATELIER -\",\"isPartOf\":{\"@id\":\"https:\/\/www.automobilia-atelier.de\/it\/#website\"},\"primaryImageOfPage\":{\"@id\":\"https:\/\/www.automobilia-atelier.de\/it\/produkt\/t-shirt-historic-monaco-f1-di-automobilia-atelier-kopie\/#primaryimage\"},\"image\":{\"@id\":\"https:\/\/www.automobilia-atelier.de\/it\/produkt\/t-shirt-historic-monaco-f1-di-automobilia-atelier-kopie\/#primaryimage\"},\"thumbnailUrl\":\"https:\/\/www.automobilia-atelier.de\/wp-content\/uploads\/2025\/08\/e267a5d4-56fa-4fc9-bfcf-a761442126c9-2-1.png\",\"datePublished\":\"2025-08-21T20:29:04+00:00\",\"dateModified\":\"2025-08-21T20:42:34+00:00\",\"breadcrumb\":{\"@id\":\"https:\/\/www.automobilia-atelier.de\/it\/produkt\/t-shirt-historic-monaco-f1-di-automobilia-atelier-kopie\/#breadcrumb\"},\"inLanguage\":\"it-IT\",\"potentialAction\":[{\"@type\":\"ReadAction\",\"target\":[\"https:\/\/www.automobilia-atelier.de\/it\/produkt\/t-shirt-historic-monaco-f1-di-automobilia-atelier-kopie\/\"]}]},{\"@type\":\"ImageObject\",\"inLanguage\":\"it-IT\",\"@id\":\"https:\/\/www.automobilia-atelier.de\/it\/produkt\/t-shirt-historic-monaco-f1-di-automobilia-atelier-kopie\/#primaryimage\",\"url\":\"https:\/\/www.automobilia-atelier.de\/wp-content\/uploads\/2025\/08\/e267a5d4-56fa-4fc9-bfcf-a761442126c9-2-1.png\",\"contentUrl\":\"https:\/\/www.automobilia-atelier.de\/wp-content\/uploads\/2025\/08\/e267a5d4-56fa-4fc9-bfcf-a761442126c9-2-1.png\",\"width\":1423,\"height\":1423},{\"@type\":\"BreadcrumbList\",\"@id\":\"https:\/\/www.automobilia-atelier.de\/it\/produkt\/t-shirt-historic-monaco-f1-di-automobilia-atelier-kopie\/#breadcrumb\",\"itemListElement\":[{\"@type\":\"ListItem\",\"position\":1,\"name\":\"Startseite\",\"item\":\"https:\/\/www.automobilia-atelier.de\/it\/\"},{\"@type\":\"ListItem\",\"position\":2,\"name\":\"Prodotti\",\"item\":\"https:\/\/www.automobilia-atelier.de\/it\/shop\/\"},{\"@type\":\"ListItem\",\"position\":3,\"name\":\"Maglietta &#8220;962&#8221; AUTOMOBILIA ATELIER\"}]},{\"@type\":\"WebSite\",\"@id\":\"https:\/\/www.automobilia-atelier.de\/it\/#website\",\"url\":\"https:\/\/www.automobilia-atelier.de\/it\/\",\"name\":\"\",\"description\":\"\",\"potentialAction\":[{\"@type\":\"SearchAction\",\"target\":{\"@type\":\"EntryPoint\",\"urlTemplate\":\"https:\/\/www.automobilia-atelier.de\/it\/?s={search_term_string}\"},\"query-input\":{\"@type\":\"PropertyValueSpecification\",\"valueRequired\":true,\"valueName\":\"search_term_string\"}}],\"inLanguage\":\"it-IT\"}]}<\/script>\n<!-- \/ Yoast SEO plugin. -->","yoast_head_json":{"title":"Maglietta \"962\" AUTOMOBILIA ATELIER -","robots":{"index":"index","follow":"follow","max-snippet":"max-snippet:-1","max-image-preview":"max-image-preview:large","max-video-preview":"max-video-preview:-1"},"canonical":"https:\/\/www.automobilia-atelier.de\/it\/produkt\/t-shirt-historic-monaco-f1-di-automobilia-atelier-kopie\/","og_locale":"it_IT","og_type":"article","og_title":"Maglietta \"962\" AUTOMOBILIA ATELIER -","og_description":"Questa maglietta porta la 962 del leggendario circuito di Spa-Francorchamps nel tuo guardaroba: un&#8217;elegante stampa frontale e un&#8217;ampia stampa posteriore dal look vintage. Combina comfort di prima classe con passione per le corse. Piccola stampa frontale \/ Grande stampa posteriore serigrafia Pantone 426 C 100% cotone*, circa 165 g\/m2 girocollo bianco unisex Frutto del telaio &hellip; Continua a leggere Maglietta &#8220;962&#8221; AUTOMOBILIA ATELIER \u2192","og_url":"https:\/\/www.automobilia-atelier.de\/it\/produkt\/t-shirt-historic-monaco-f1-di-automobilia-atelier-kopie\/","article_modified_time":"2025-08-21T20:42:34+00:00","og_image":[{"width":1423,"height":1423,"url":"https:\/\/www.automobilia-atelier.de\/wp-content\/uploads\/2025\/08\/e267a5d4-56fa-4fc9-bfcf-a761442126c9-2-1.png","type":"image\/png"}],"twitter_card":"summary_large_image","schema":{"@context":"https:\/\/schema.org","@graph":[{"@type":"WebPage","@id":"https:\/\/www.automobilia-atelier.de\/it\/produkt\/t-shirt-historic-monaco-f1-di-automobilia-atelier-kopie\/","url":"https:\/\/www.automobilia-atelier.de\/it\/produkt\/t-shirt-historic-monaco-f1-di-automobilia-atelier-kopie\/","name":"Maglietta \"962\" AUTOMOBILIA ATELIER -","isPartOf":{"@id":"https:\/\/www.automobilia-atelier.de\/it\/#website"},"primaryImageOfPage":{"@id":"https:\/\/www.automobilia-atelier.de\/it\/produkt\/t-shirt-historic-monaco-f1-di-automobilia-atelier-kopie\/#primaryimage"},"image":{"@id":"https:\/\/www.automobilia-atelier.de\/it\/produkt\/t-shirt-historic-monaco-f1-di-automobilia-atelier-kopie\/#primaryimage"},"thumbnailUrl":"https:\/\/www.automobilia-atelier.de\/wp-content\/uploads\/2025\/08\/e267a5d4-56fa-4fc9-bfcf-a761442126c9-2-1.png","datePublished":"2025-08-21T20:29:04+00:00","dateModified":"2025-08-21T20:42:34+00:00","breadcrumb":{"@id":"https:\/\/www.automobilia-atelier.de\/it\/produkt\/t-shirt-historic-monaco-f1-di-automobilia-atelier-kopie\/#breadcrumb"},"inLanguage":"it-IT","potentialAction":[{"@type":"ReadAction","target":["https:\/\/www.automobilia-atelier.de\/it\/produkt\/t-shirt-historic-monaco-f1-di-automobilia-atelier-kopie\/"]}]},{"@type":"ImageObject","inLanguage":"it-IT","@id":"https:\/\/www.automobilia-atelier.de\/it\/produkt\/t-shirt-historic-monaco-f1-di-automobilia-atelier-kopie\/#primaryimage","url":"https:\/\/www.automobilia-atelier.de\/wp-content\/uploads\/2025\/08\/e267a5d4-56fa-4fc9-bfcf-a761442126c9-2-1.png","contentUrl":"https:\/\/www.automobilia-atelier.de\/wp-content\/uploads\/2025\/08\/e267a5d4-56fa-4fc9-bfcf-a761442126c9-2-1.png","width":1423,"height":1423},{"@type":"BreadcrumbList","@id":"https:\/\/www.automobilia-atelier.de\/it\/produkt\/t-shirt-historic-monaco-f1-di-automobilia-atelier-kopie\/#breadcrumb","itemListElement":[{"@type":"ListItem","position":1,"name":"Startseite","item":"https:\/\/www.automobilia-atelier.de\/it\/"},{"@type":"ListItem","position":2,"name":"Prodotti","item":"https:\/\/www.automobilia-atelier.de\/it\/shop\/"},{"@type":"ListItem","position":3,"name":"Maglietta &#8220;962&#8221; AUTOMOBILIA ATELIER"}]},{"@type":"WebSite","@id":"https:\/\/www.automobilia-atelier.de\/it\/#website","url":"https:\/\/www.automobilia-atelier.de\/it\/","name":"","description":"","potentialAction":[{"@type":"SearchAction","target":{"@type":"EntryPoint","urlTemplate":"https:\/\/www.automobilia-atelier.de\/it\/?s={search_term_string}"},"query-input":{"@type":"PropertyValueSpecification","valueRequired":true,"valueName":"search_term_string"}}],"inLanguage":"it-IT"}]}},"jetpack_sharing_enabled":true,"_links":{"self":[{"href":"https:\/\/www.automobilia-atelier.de\/it\/wp-json\/wp\/v2\/product\/20557","targetHints":{"allow":["GET"]}}],"collection":[{"href":"https:\/\/www.automobilia-atelier.de\/it\/wp-json\/wp\/v2\/product"}],"about":[{"href":"https:\/\/www.automobilia-atelier.de\/it\/wp-json\/wp\/v2\/types\/product"}],"wp:featuredmedia":[{"embeddable":true,"href":"https:\/\/www.automobilia-atelier.de\/it\/wp-json\/wp\/v2\/media\/20566"}],"wp:attachment":[{"href":"https:\/\/www.automobilia-atelier.de\/it\/wp-json\/wp\/v2\/media?parent=20557"}],"wp:term":[{"taxonomy":"product_brand","embeddable":true,"href":"https:\/\/www.automobilia-atelier.de\/it\/wp-json\/wp\/v2\/product_brand?post=20557"},{"taxonomy":"product_cat","embeddable":true,"href":"https:\/\/www.automobilia-atelier.de\/it\/wp-json\/wp\/v2\/product_cat?post=20557"},{"taxonomy":"product_tag","embeddable":true,"href":"https:\/\/www.automobilia-atelier.de\/it\/wp-json\/wp\/v2\/product_tag?post=20557"}],"curies":[{"name":"wp","href":"https:\/\/api.w.org\/{rel}","templated":true}]}}